{"id":944,"date":"2026-02-23T10:24:43","date_gmt":"2026-02-23T10:24:43","guid":{"rendered":"https:\/\/laundryxpresss.it\/?page_id=944"},"modified":"2026-02-23T13:49:17","modified_gmt":"2026-02-23T13:49:17","slug":"fidelity-card","status":"publish","type":"page","link":"https:\/\/laundryxpresss.it\/fr\/fidelity-card\/","title":{"rendered":"Carte De Fid\u00e9lit\u00e9"},"content":{"rendered":"<div data-elementor-type=\"wp-page\" data-elementor-id=\"944\" class=\"elementor elementor-944\">\n\t\t\t\t<div class=\"elementor-element elementor-element-d5a0f7b e-con-full e-flex e-con e-parent\" data-id=\"d5a0f7b\" data-element_type=\"container\" data-e-type=\"container\">\n\t\t\t\t<div class=\"elementor-element elementor-element-1408d23 elementor-widget elementor-widget-html\" data-id=\"1408d23\" data-element_type=\"widget\" data-e-type=\"widget\" data-widget_type=\"html.default\">\n\t\t\t\t<div class=\"elementor-widget-container\">\n\t\t\t\t\t<section class=\"lx-fidelity-page\">\r\n    <div class=\"lx-container\">\r\n        \r\n        <div class=\"lx-fidelity-hero-grid\">\r\n            \r\n            <div class=\"lx-fidelity-text-col\">\r\n                <div class=\"lx-badge-fidelity\">Avantages Exclusifs<\/div>\r\n                <h1 class=\"lx-title-main\">VOTRE <span class=\"lx-highlight\">CARTE DE FID\u00c9LIT\u00c9<\/span><\/h1>\r\n                <p class=\"lx-subtitle-main\">\r\n                    \u00c9conomisez jusqu&#039;\u00e0 15% sur chaque cycle de lavage et de s\u00e9chage. \n La carte a un co\u00fbt d&#039;un peu <strong>10\u20ac<\/strong> et comprend d\u00e9j\u00e0 <strong>5\u20ac de cr\u00e9dit de bienvenue<\/strong> pour utiliser imm\u00e9diatement. C&#039;est la solution parfaite pour les r\u00e9sidents, les \u00e9tudiants et les voyageurs fr\u00e9quents de Syracuse.\r\n                <\/p>\r\n                <a href=\"#come-funziona\" class=\"lx-btn-primary\">D\u00e9couvrez comment l&#039;obtenir<\/a>\r\n            <\/div>\r\n\r\n            <div class=\"lx-fidelity-card-col\">\r\n                <img decoding=\"async\" src=\"\/wp-content\/uploads\/2026\/02\/Fidelity-Card.png\" alt=\"Blanchisserie Xpress Carte De Fid\u00e9lit\u00e9\" class=\"lx-floating-card-img\">\r\n                \r\n                <div class=\"lx-floating-shadow\"><\/div>\r\n            <\/div>\r\n\r\n        <\/div>\r\n\r\n        <div id=\"come-funziona\" class=\"lx-fidelity-steps-section\">\r\n            <h2 class=\"lx-section-title\">Comme <span class=\"lx-highlight\">cela fonctionne?<\/span><\/h2>\r\n            \r\n            <div class=\"lx-steps-grid\">\r\n                \r\n                <div class=\"lx-step-card\">\r\n                    <div class=\"lx-step-number\">1<\/div>\r\n                    <h3>Contact Kiosque<\/h3>\r\n                    <p>Allez \u00e0 la caisse centralis\u00e9e dans nos locaux. \u00c0 un co\u00fbt de 10\u20ac, vous recevrez votre carte dans la physique avec le bien <strong>5\u20ac de cr\u00e9dit pr\u00e9-charg\u00e9<\/strong> pr\u00eat \u00e0 l&#039;emploi.<\/p>\r\n                <\/div>\r\n\r\n                <div class=\"lx-step-card\">\r\n                    <div class=\"lx-step-number\">2<\/div>\r\n                    <h3>Chargement de la de Cr\u00e9dit<\/h3>\r\n                    <p>Ins\u00e9rez la tr\u00e9sorerie ou d&#039;utiliser des cartes de d\u00e9bit pour recharger le cr\u00e9dit que vous pr\u00e9f\u00e9rez. Il n&#039;y a pas de limites de recharger ou de dates d&#039;expiration.<\/p>\r\n                <\/div>\r\n\r\n                <div class=\"lx-step-card\">\r\n                    <div class=\"lx-step-number\">3<\/div>\r\n                    <h3>Se penche et Commence \u00e0<\/h3>\r\n                    <p>S\u00e9lectionnez la machine \u00e0 laver ou le s\u00e8che-linge que vous souhaitez utiliser et placez votre carte sur le lecteur pour d\u00e9marrer le cycle \u00e0 un prix r\u00e9duit.<\/p>\r\n                <\/div>\r\n\r\n            <\/div>\r\n        <\/div>\r\n\r\n    <\/div>\r\n<\/section>\t\t\t\t<\/div>\n\t\t\t\t<\/div>\n\t\t\t\t<\/div>\n\t\t\t\t<\/div>","protected":false},"excerpt":{"rendered":"<p>Vantaggi Esclusivi LA TUA FIDELITY CARD Risparmia fino al 15% su ogni ciclo di lavaggio e asciugatura. La card ha un costo di soli 10\u20ac e include gi\u00e0 5\u20ac di credito di benvenuto da utilizzare subito. \u00c8 la soluzione perfetta per residenti, studenti e viaggiatori abituali a Siracusa. Scopri come ottenerla Come funziona? 1 Richiedila [&hellip;]<\/p>","protected":false},"author":2,"featured_media":0,"parent":0,"menu_order":0,"comment_status":"closed","ping_status":"closed","template":"","meta":{"two_page_speed":[],"footnotes":""},"class_list":["post-944","page","type-page","status-publish","hentry"],"yoast_head":"<!-- This site is optimized with the Yoast SEO plugin v26.9 - https:\/\/yoast.com\/product\/yoast-seo-wordpress\/ -->\n<title>Fidelity Card - Laundry Xpress<\/title>\n<meta name=\"robots\" content=\"index, follow, max-snippet:-1, max-image-preview:large, max-video-preview:-1\" \/>\n<link rel=\"canonical\" href=\"https:\/\/laundryxpresss.it\/fr\/fidelity-card\/\" \/>\n<meta property=\"og:locale\" content=\"fr_FR\" \/>\n<meta property=\"og:type\" content=\"article\" \/>\n<meta property=\"og:title\" content=\"Fidelity Card - Laundry Xpress\" \/>\n<meta property=\"og:description\" content=\"Vantaggi Esclusivi LA TUA FIDELITY CARD Risparmia fino al 15% su ogni ciclo di lavaggio e asciugatura. La card ha un costo di soli 10\u20ac e include gi\u00e0 5\u20ac di credito di benvenuto da utilizzare subito. \u00c8 la soluzione perfetta per residenti, studenti e viaggiatori abituali a Siracusa. Scopri come ottenerla Come funziona? 1 Richiedila [&hellip;]\" \/>\n<meta property=\"og:url\" content=\"https:\/\/laundryxpresss.it\/fr\/fidelity-card\/\" \/>\n<meta property=\"og:site_name\" content=\"Laundry Xpress\" \/>\n<meta property=\"article:modified_time\" content=\"2026-02-23T13:49:17+00:00\" \/>\n<meta name=\"twitter:card\" content=\"summary_large_image\" \/>\n<meta name=\"twitter:label1\" content=\"Dur\u00e9e de lecture estim\u00e9e\" \/>\n\t<meta name=\"twitter:data1\" content=\"2 minutes\" \/>\n<script type=\"application\/ld+json\" class=\"yoast-schema-graph\">{\"@context\":\"https:\/\/schema.org\",\"@graph\":[{\"@type\":\"WebPage\",\"@id\":\"https:\/\/laundryxpresss.it\/fidelity-card\/\",\"url\":\"https:\/\/laundryxpresss.it\/fidelity-card\/\",\"name\":\"Fidelity Card - Laundry Xpress\",\"isPartOf\":{\"@id\":\"https:\/\/laundryxpresss.it\/#website\"},\"datePublished\":\"2026-02-23T10:24:43+00:00\",\"dateModified\":\"2026-02-23T13:49:17+00:00\",\"breadcrumb\":{\"@id\":\"https:\/\/laundryxpresss.it\/fidelity-card\/#breadcrumb\"},\"inLanguage\":\"fr-FR\",\"potentialAction\":[{\"@type\":\"ReadAction\",\"target\":[\"https:\/\/laundryxpresss.it\/fidelity-card\/\"]}]},{\"@type\":\"BreadcrumbList\",\"@id\":\"https:\/\/laundryxpresss.it\/fidelity-card\/#breadcrumb\",\"itemListElement\":[{\"@type\":\"ListItem\",\"position\":1,\"name\":\"Home\",\"item\":\"https:\/\/laundryxpresss.it\/\"},{\"@type\":\"ListItem\",\"position\":2,\"name\":\"Fidelity Card\"}]},{\"@type\":\"WebSite\",\"@id\":\"https:\/\/laundryxpresss.it\/#website\",\"url\":\"https:\/\/laundryxpresss.it\/\",\"name\":\"Laundry Xpress\",\"description\":\"\",\"publisher\":{\"@id\":\"https:\/\/laundryxpresss.it\/#organization\"},\"potentialAction\":[{\"@type\":\"SearchAction\",\"target\":{\"@type\":\"EntryPoint\",\"urlTemplate\":\"https:\/\/laundryxpresss.it\/?s={search_term_string}\"},\"query-input\":{\"@type\":\"PropertyValueSpecification\",\"valueRequired\":true,\"valueName\":\"search_term_string\"}}],\"inLanguage\":\"fr-FR\"},{\"@type\":\"Organization\",\"@id\":\"https:\/\/laundryxpresss.it\/#organization\",\"name\":\"Laundry Xpress\",\"url\":\"https:\/\/laundryxpresss.it\/\",\"logo\":{\"@type\":\"ImageObject\",\"inLanguage\":\"fr-FR\",\"@id\":\"https:\/\/laundryxpresss.it\/#\/schema\/logo\/image\/\",\"url\":\"https:\/\/laundryxpresss.it\/wp-content\/uploads\/2023\/11\/Long-Logo-NO-BG.png\",\"contentUrl\":\"https:\/\/laundryxpresss.it\/wp-content\/uploads\/2023\/11\/Long-Logo-NO-BG.png\",\"width\":487,\"height\":61,\"caption\":\"Laundry Xpress\"},\"image\":{\"@id\":\"https:\/\/laundryxpresss.it\/#\/schema\/logo\/image\/\"}}]}<\/script>\n<!-- \/ Yoast SEO plugin. -->","yoast_head_json":{"title":"Carte De Fid\u00e9lit\u00e9 - Blanchisserie Xpress","robots":{"index":"index","follow":"follow","max-snippet":"max-snippet:-1","max-image-preview":"max-image-preview:large","max-video-preview":"max-video-preview:-1"},"canonical":"https:\/\/laundryxpresss.it\/fr\/fidelity-card\/","og_locale":"fr_FR","og_type":"article","og_title":"Fidelity Card - Laundry Xpress","og_description":"Vantaggi Esclusivi LA TUA FIDELITY CARD Risparmia fino al 15% su ogni ciclo di lavaggio e asciugatura. La card ha un costo di soli 10\u20ac e include gi\u00e0 5\u20ac di credito di benvenuto da utilizzare subito. \u00c8 la soluzione perfetta per residenti, studenti e viaggiatori abituali a Siracusa. Scopri come ottenerla Come funziona? 1 Richiedila [&hellip;]","og_url":"https:\/\/laundryxpresss.it\/fr\/fidelity-card\/","og_site_name":"Laundry Xpress","article_modified_time":"2026-02-23T13:49:17+00:00","twitter_card":"summary_large_image","twitter_misc":{"Dur\u00e9e de lecture estim\u00e9e":"2 minutes"},"schema":{"@context":"https:\/\/schema.org","@graph":[{"@type":"WebPage","@id":"https:\/\/laundryxpresss.it\/fidelity-card\/","url":"https:\/\/laundryxpresss.it\/fidelity-card\/","name":"Carte De Fid\u00e9lit\u00e9 - Blanchisserie Xpress","isPartOf":{"@id":"https:\/\/laundryxpresss.it\/#website"},"datePublished":"2026-02-23T10:24:43+00:00","dateModified":"2026-02-23T13:49:17+00:00","breadcrumb":{"@id":"https:\/\/laundryxpresss.it\/fidelity-card\/#breadcrumb"},"inLanguage":"fr-FR","potentialAction":[{"@type":"ReadAction","target":["https:\/\/laundryxpresss.it\/fidelity-card\/"]}]},{"@type":"BreadcrumbList","@id":"https:\/\/laundryxpresss.it\/fidelity-card\/#breadcrumb","itemListElement":[{"@type":"ListItem","position":1,"name":"Home","item":"https:\/\/laundryxpresss.it\/"},{"@type":"ListItem","position":2,"name":"Fidelity Card"}]},{"@type":"WebSite","@id":"https:\/\/laundryxpresss.it\/#website","url":"https:\/\/laundryxpresss.it\/","name":"Blanchisserie Xpress","description":"","publisher":{"@id":"https:\/\/laundryxpresss.it\/#organization"},"potentialAction":[{"@type":"SearchAction","target":{"@type":"EntryPoint","urlTemplate":"https:\/\/laundryxpresss.it\/?s={search_term_string}"},"query-input":{"@type":"PropertyValueSpecification","valueRequired":true,"valueName":"search_term_string"}}],"inLanguage":"fr-FR"},{"@type":"Organization","@id":"https:\/\/laundryxpresss.it\/#organization","name":"Blanchisserie Xpress","url":"https:\/\/laundryxpresss.it\/","logo":{"@type":"ImageObject","inLanguage":"fr-FR","@id":"https:\/\/laundryxpresss.it\/#\/schema\/logo\/image\/","url":"https:\/\/laundryxpresss.it\/wp-content\/uploads\/2023\/11\/Long-Logo-NO-BG.png","contentUrl":"https:\/\/laundryxpresss.it\/wp-content\/uploads\/2023\/11\/Long-Logo-NO-BG.png","width":487,"height":61,"caption":"Laundry Xpress"},"image":{"@id":"https:\/\/laundryxpresss.it\/#\/schema\/logo\/image\/"}}]}},"_links":{"self":[{"href":"https:\/\/laundryxpresss.it\/fr\/wp-json\/wp\/v2\/pages\/944","targetHints":{"allow":["GET"]}}],"collection":[{"href":"https:\/\/laundryxpresss.it\/fr\/wp-json\/wp\/v2\/pages"}],"about":[{"href":"https:\/\/laundryxpresss.it\/fr\/wp-json\/wp\/v2\/types\/page"}],"author":[{"embeddable":true,"href":"https:\/\/laundryxpresss.it\/fr\/wp-json\/wp\/v2\/users\/2"}],"replies":[{"embeddable":true,"href":"https:\/\/laundryxpresss.it\/fr\/wp-json\/wp\/v2\/comments?post=944"}],"version-history":[{"count":0,"href":"https:\/\/laundryxpresss.it\/fr\/wp-json\/wp\/v2\/pages\/944\/revisions"}],"wp:attachment":[{"href":"https:\/\/laundryxpresss.it\/fr\/wp-json\/wp\/v2\/media?parent=944"}],"curies":[{"name":"wp","href":"https:\/\/api.w.org\/{rel}","templated":true}]}}