{"id":46,"date":"2023-11-25T11:47:12","date_gmt":"2023-11-25T11:47:12","guid":{"rendered":"https:\/\/laundryxpresss.it\/?page_id=46"},"modified":"2026-03-02T12:04:27","modified_gmt":"2026-03-02T12:04:27","slug":"contatti","status":"publish","type":"page","link":"https:\/\/laundryxpresss.it\/fr\/contatti\/","title":{"rendered":"Contacts"},"content":{"rendered":"<div data-elementor-type=\"wp-page\" data-elementor-id=\"46\" class=\"elementor elementor-46\">\n\t\t\t\t<div class=\"elementor-element elementor-element-12b658f e-con-full e-flex e-con e-child\" data-id=\"12b658f\" data-element_type=\"container\" data-e-type=\"container\">\n\t\t\t\t<div class=\"elementor-element elementor-element-0b82003 elementor-widget elementor-widget-html\" data-id=\"0b82003\" data-element_type=\"widget\" data-e-type=\"widget\" data-widget_type=\"html.default\">\n\t\t\t\t<div class=\"elementor-widget-container\">\n\t\t\t\t\t<section class=\"lx-contacts-hero\">\r\n    <div class=\"lx-container\">\r\n        <div class=\"lx-contacts-grid\">\r\n            \r\n            <div class=\"lx-contacts-info\">\r\n                <h1 class=\"lx-title-main\">VOUS <span class=\"lx-highlight\">Des QUESTIONS?<\/span><\/h1>\r\n                <p class=\"lx-subtitle-main\">\r\n                    H\u00e9sitez pas \u00e0 nous appeler ou nous envoyer un email ou utilisez le formulaire ici, \u00e0 c\u00f4t\u00e9 de nous parler. En attente d&#039;entendre!\r\n                <\/p>\r\n\r\n                <div class=\"lx-info-cards\">\r\n                    <a href=\"tel:+393298051549\" class=\"lx-info-card\">\r\n                        <div class=\"lx-info-icon\">\r\n                            <svg viewbox=\"0 0 24 24\" fill=\"none\" stroke=\"currentColor\" stroke-width=\"2\"><path d=\"M22 16.92v3a2 2 0 0 1-2.18 2 19.79 19.79 0 0 1-8.63-3.07 19.5 19.5 0 0 1-6-6 19.79 19.79 0 0 1-3.07-8.67A2 2 0 0 1 4.11 2h3a2 2 0 0 1 2 1.72 12.84 12.84 0 0 0 .7 2.81 2 2 0 0 1-.45 2.11L8.09 9.91a16 16 0 0 0 6 6l1.27-1.27a2 2 0 0 1 2.11-.45 12.84 12.84 0 0 0 2.81.7A2 2 0 0 1 22 16.92z\"><\/path><\/svg>\r\n                        <\/div>\r\n                        <div class=\"lx-info-text\">\r\n                            <span>D&#039;urgence? Appelez-nous:<\/span>\r\n                            <strong>+39 329 805 1549<\/strong>\r\n                        <\/div>\r\n                    <\/a>\r\n\r\n                    <a href=\"mailto:finderoom@gmail.com\" class=\"lx-info-card\">\r\n                        <div class=\"lx-info-icon\">\r\n                            <svg viewbox=\"0 0 24 24\" fill=\"none\" stroke=\"currentColor\" stroke-width=\"2\"><path d=\"M4 4h16c1.1 0 2 .9 2 2v12c0 1.1-.9 2-2 2H4c-1.1 0-2-.9-2-2V6c0-1.1.9-2 2-2z\"><\/path><polyline points=\"22,6 12,13 2,6\"><\/polyline><\/svg>\r\n                        <\/div>\r\n                        <div class=\"lx-info-text\">\r\n                            <span>Veuillez nous envoyer un email:<\/span>\r\n                            <strong>finderoom@gmail.com<\/strong>\r\n                        <\/div>\r\n                    <\/a>\r\n                    \r\n                    <div class=\"lx-info-card no-link\">\r\n                        <div class=\"lx-info-icon\">\r\n                            <svg viewbox=\"0 0 24 24\" fill=\"none\" stroke=\"currentColor\" stroke-width=\"2\"><path d=\"M21 10c0 7-9 13-9 13s-9-6-9-13a9 9 0 0 1 18 0z\"><\/path><circle cx=\"12\" cy=\"10\" r=\"3\"><\/circle><\/svg>\r\n                        <\/div>\r\n                        <div class=\"lx-info-text\">\r\n                            <span>O\u00f9 nous en sommes:<\/span>\r\n                            <strong>Coronato, 36\/38, Syracuse (Ortigia)<\/strong>\r\n                        <\/div>\r\n                    <\/div>\r\n                <\/div>\r\n            <\/div>\r\n\r\n            <div class=\"lx-form-container\">\r\n                <div class=\"lx-form-glass\">\r\n                    <form action=\"https:\/\/formsubmit.co\/finderoom@gmail.com\" method=\"POST\" class=\"lx-modern-form\">\r\n                        <input type=\"text\" name=\"_honey\" style=\"display:none\">\r\n                        <input type=\"hidden\" name=\"_captcha\" value=\"false\">\r\n                        \r\n                        <div class=\"lx-form-group\">\r\n                            <label for=\"name\">Nom<\/label>\r\n                            <input type=\"text\" name=\"name\" id=\"name\" placeholder=\"Votre nom\" required>\r\n                        <\/div>\r\n\r\n                        <div class=\"lx-form-group\">\r\n                            <label for=\"email\">E-mail<\/label>\r\n                            <input type=\"email\" name=\"email\" id=\"email\" placeholder=\"latua@email.com\" required>\r\n                        <\/div>\r\n\r\n                        <div class=\"lx-form-group\">\r\n                            <label for=\"message\">Message<\/label>\r\n                            <textarea name=\"message\" id=\"message\" rows=\"5\" placeholder=\"Comment pouvons-nous vous aider?\" required><\/textarea>\r\n                        <\/div>\r\n\r\n                        <button type=\"submit\" class=\"lx-form-submit\">\r\n                            <span>ENVOYER UN MESSAGE<\/span>\r\n                            <svg viewbox=\"0 0 24 24\" fill=\"none\" stroke=\"currentColor\" stroke-width=\"2\"><line x1=\"22\" y1=\"2\" x2=\"11\" y2=\"13\"><\/line><polygon points=\"22 2 15 22 11 13 2 9 22 2\"><\/polygon><\/svg>\r\n                        <\/button>\r\n                    <\/form>\r\n                <\/div>\r\n            <\/div>\r\n\r\n        <\/div>\r\n    <\/div>\r\n<\/section>\t\t\t\t<\/div>\n\t\t\t\t<\/div>\n\t\t\t\t<\/div>\n\t\t<div class=\"elementor-element elementor-element-d44c6ce e-con-full e-flex e-con e-child\" data-id=\"d44c6ce\" data-element_type=\"container\" data-e-type=\"container\">\n\t\t\t\t<div class=\"elementor-element elementor-element-81fcad0 elementor-widget elementor-widget-html\" data-id=\"81fcad0\" data-element_type=\"widget\" data-e-type=\"widget\" data-widget_type=\"html.default\">\n\t\t\t\t<div class=\"elementor-widget-container\">\n\t\t\t\t\t<section class=\"lx-map-section\">\r\n    <div class=\"lx-container\">\r\n        <div class=\"lx-map-wrapper\">\r\n            <h3 class=\"lx-map-title\">O\u00f9 il n&#039;y <span class=\"lx-highlight\">nous trouver<\/span><\/h3>\r\n            <div class=\"lx-map-frame\">\r\n                <iframe src=\"https:\/\/www.google.com\/maps\/embed?pb=!1m18!1m12!1m3!1d6367.640382733355!2d15.292504376278924!3d37.0617678529107!2m3!1f0!2f0!3f0!3m2!1i1024!2i768!4f13.1!3m3!1m2!1s0x1313cd0661cd5d6d%3A0xcd1821ccb79f1f9a!2sAmerican%20LaundryXpress%20LAVANDERIA%20SELF%20SERVICE%20A%20GETTONI!5e0!3m2!1sit!2sit!4v1771592450618!5m2!1sit!2sit\" width=\"600\" height=\"450\" style=\"border:0;\" allowfullscreen=\"\" loading=\"lazy\" referrerpolicy=\"no-referrer-when-downgrade\"><\/iframe>\r\n            <\/div>\r\n            <div class=\"lx-map-footer\">\r\n                <p>\ud83d\udccd Via dei Santi Coronati, 36\/38, 96100 Siracusa SR, Italie<\/p>\r\n                <a href=\"https:\/\/maps.app.goo.gl\/b82J9S94MERhZpxHA\" target=\"_blank\" class=\"lx-map-btn\">OUVRIR DANS GOOGLE MAPS<\/a>\r\n            <\/div>\r\n        <\/div>\r\n    <\/div>\r\n<\/section>\t\t\t\t<\/div>\n\t\t\t\t<\/div>\n\t\t\t\t<\/div>\n\t\t\t\t<\/div>","protected":false},"excerpt":{"rendered":"<p>HAI DOMANDE? Sentiti libero di chiamarci o inviarci una email, oppure usa il form qui affianco per parlare con noi. Non aspettiamo altro che sentirti! Emergenza? Chiamaci: +39 329 805 1549 Inviaci una email: finderoom@gmail.com Dove ci troviamo: Via dei Santi Coronati, 36\/38, Siracusa (Ortigia) Nome Email Messaggio INVIA MESSAGGIO Dove ci troviamo \ud83d\udccd Via [&hellip;]<\/p>","protected":false},"author":2,"featured_media":0,"parent":0,"menu_order":0,"comment_status":"closed","ping_status":"closed","template":"","meta":{"two_page_speed":[],"footnotes":""},"class_list":["post-46","page","type-page","status-publish","hentry"],"yoast_head":"<!-- This site is optimized with the Yoast SEO plugin v26.9 - https:\/\/yoast.com\/product\/yoast-seo-wordpress\/ -->\n<title>Contatti - Laundry Xpress<\/title>\n<meta name=\"description\" content=\"Sentiti libero di usare i nostri contatti, oppure usa il form qui affianco per parlare con noi. Non aspettiamo altro che sentirti!\" \/>\n<meta name=\"robots\" content=\"index, follow, max-snippet:-1, max-image-preview:large, max-video-preview:-1\" \/>\n<link rel=\"canonical\" href=\"https:\/\/laundryxpresss.it\/fr\/contatti\/\" \/>\n<meta property=\"og:locale\" content=\"fr_FR\" \/>\n<meta property=\"og:type\" content=\"article\" \/>\n<meta property=\"og:title\" content=\"Contatti - Laundry Xpress\" \/>\n<meta property=\"og:description\" content=\"Sentiti libero di usare i nostri contatti, oppure usa il form qui affianco per parlare con noi. Non aspettiamo altro che sentirti!\" \/>\n<meta property=\"og:url\" content=\"https:\/\/laundryxpresss.it\/fr\/contatti\/\" \/>\n<meta property=\"og:site_name\" content=\"Laundry Xpress\" \/>\n<meta property=\"article:modified_time\" content=\"2026-03-02T12:04:27+00:00\" \/>\n<meta name=\"twitter:card\" content=\"summary_large_image\" \/>\n<meta name=\"twitter:label1\" content=\"Dur\u00e9e de lecture estim\u00e9e\" \/>\n\t<meta name=\"twitter:data1\" content=\"2 minutes\" \/>\n<script type=\"application\/ld+json\" class=\"yoast-schema-graph\">{\"@context\":\"https:\/\/schema.org\",\"@graph\":[{\"@type\":\"WebPage\",\"@id\":\"https:\/\/laundryxpresss.it\/contatti\/\",\"url\":\"https:\/\/laundryxpresss.it\/contatti\/\",\"name\":\"Contatti - Laundry Xpress\",\"isPartOf\":{\"@id\":\"https:\/\/laundryxpresss.it\/#website\"},\"datePublished\":\"2023-11-25T11:47:12+00:00\",\"dateModified\":\"2026-03-02T12:04:27+00:00\",\"description\":\"Sentiti libero di usare i nostri contatti, oppure usa il form qui affianco per parlare con noi. Non aspettiamo altro che sentirti!\",\"breadcrumb\":{\"@id\":\"https:\/\/laundryxpresss.it\/contatti\/#breadcrumb\"},\"inLanguage\":\"fr-FR\",\"potentialAction\":[{\"@type\":\"ReadAction\",\"target\":[\"https:\/\/laundryxpresss.it\/contatti\/\"]}]},{\"@type\":\"BreadcrumbList\",\"@id\":\"https:\/\/laundryxpresss.it\/contatti\/#breadcrumb\",\"itemListElement\":[{\"@type\":\"ListItem\",\"position\":1,\"name\":\"Home\",\"item\":\"https:\/\/laundryxpresss.it\/\"},{\"@type\":\"ListItem\",\"position\":2,\"name\":\"Contatti\"}]},{\"@type\":\"WebSite\",\"@id\":\"https:\/\/laundryxpresss.it\/#website\",\"url\":\"https:\/\/laundryxpresss.it\/\",\"name\":\"Laundry Xpress\",\"description\":\"\",\"publisher\":{\"@id\":\"https:\/\/laundryxpresss.it\/#organization\"},\"potentialAction\":[{\"@type\":\"SearchAction\",\"target\":{\"@type\":\"EntryPoint\",\"urlTemplate\":\"https:\/\/laundryxpresss.it\/?s={search_term_string}\"},\"query-input\":{\"@type\":\"PropertyValueSpecification\",\"valueRequired\":true,\"valueName\":\"search_term_string\"}}],\"inLanguage\":\"fr-FR\"},{\"@type\":\"Organization\",\"@id\":\"https:\/\/laundryxpresss.it\/#organization\",\"name\":\"Laundry Xpress\",\"url\":\"https:\/\/laundryxpresss.it\/\",\"logo\":{\"@type\":\"ImageObject\",\"inLanguage\":\"fr-FR\",\"@id\":\"https:\/\/laundryxpresss.it\/#\/schema\/logo\/image\/\",\"url\":\"https:\/\/laundryxpresss.it\/wp-content\/uploads\/2023\/11\/Long-Logo-NO-BG.png\",\"contentUrl\":\"https:\/\/laundryxpresss.it\/wp-content\/uploads\/2023\/11\/Long-Logo-NO-BG.png\",\"width\":487,\"height\":61,\"caption\":\"Laundry Xpress\"},\"image\":{\"@id\":\"https:\/\/laundryxpresss.it\/#\/schema\/logo\/image\/\"}}]}<\/script>\n<!-- \/ Yoast SEO plugin. -->","yoast_head_json":{"title":"Contacts - Blanchisserie Xpress","description":"N&#039;h\u00e9sitez pas \u00e0 utiliser notre contact avec vous, ou d&#039;utiliser le formulaire ici, \u00e0 c\u00f4t\u00e9 de nous parler. En attente d&#039;entendre!","robots":{"index":"index","follow":"follow","max-snippet":"max-snippet:-1","max-image-preview":"max-image-preview:large","max-video-preview":"max-video-preview:-1"},"canonical":"https:\/\/laundryxpresss.it\/fr\/contatti\/","og_locale":"fr_FR","og_type":"article","og_title":"Contatti - Laundry Xpress","og_description":"Sentiti libero di usare i nostri contatti, oppure usa il form qui affianco per parlare con noi. Non aspettiamo altro che sentirti!","og_url":"https:\/\/laundryxpresss.it\/fr\/contatti\/","og_site_name":"Laundry Xpress","article_modified_time":"2026-03-02T12:04:27+00:00","twitter_card":"summary_large_image","twitter_misc":{"Dur\u00e9e de lecture estim\u00e9e":"2 minutes"},"schema":{"@context":"https:\/\/schema.org","@graph":[{"@type":"WebPage","@id":"https:\/\/laundryxpresss.it\/contatti\/","url":"https:\/\/laundryxpresss.it\/contatti\/","name":"Contacts - Blanchisserie Xpress","isPartOf":{"@id":"https:\/\/laundryxpresss.it\/#website"},"datePublished":"2023-11-25T11:47:12+00:00","dateModified":"2026-03-02T12:04:27+00:00","description":"N&#039;h\u00e9sitez pas \u00e0 utiliser notre contact avec vous, ou d&#039;utiliser le formulaire ici, \u00e0 c\u00f4t\u00e9 de nous parler. En attente d&#039;entendre!","breadcrumb":{"@id":"https:\/\/laundryxpresss.it\/contatti\/#breadcrumb"},"inLanguage":"fr-FR","potentialAction":[{"@type":"ReadAction","target":["https:\/\/laundryxpresss.it\/contatti\/"]}]},{"@type":"BreadcrumbList","@id":"https:\/\/laundryxpresss.it\/contatti\/#breadcrumb","itemListElement":[{"@type":"ListItem","position":1,"name":"Home","item":"https:\/\/laundryxpresss.it\/"},{"@type":"ListItem","position":2,"name":"Contatti"}]},{"@type":"WebSite","@id":"https:\/\/laundryxpresss.it\/#website","url":"https:\/\/laundryxpresss.it\/","name":"Blanchisserie Xpress","description":"","publisher":{"@id":"https:\/\/laundryxpresss.it\/#organization"},"potentialAction":[{"@type":"SearchAction","target":{"@type":"EntryPoint","urlTemplate":"https:\/\/laundryxpresss.it\/?s={search_term_string}"},"query-input":{"@type":"PropertyValueSpecification","valueRequired":true,"valueName":"search_term_string"}}],"inLanguage":"fr-FR"},{"@type":"Organization","@id":"https:\/\/laundryxpresss.it\/#organization","name":"Blanchisserie Xpress","url":"https:\/\/laundryxpresss.it\/","logo":{"@type":"ImageObject","inLanguage":"fr-FR","@id":"https:\/\/laundryxpresss.it\/#\/schema\/logo\/image\/","url":"https:\/\/laundryxpresss.it\/wp-content\/uploads\/2023\/11\/Long-Logo-NO-BG.png","contentUrl":"https:\/\/laundryxpresss.it\/wp-content\/uploads\/2023\/11\/Long-Logo-NO-BG.png","width":487,"height":61,"caption":"Laundry Xpress"},"image":{"@id":"https:\/\/laundryxpresss.it\/#\/schema\/logo\/image\/"}}]}},"_links":{"self":[{"href":"https:\/\/laundryxpresss.it\/fr\/wp-json\/wp\/v2\/pages\/46","targetHints":{"allow":["GET"]}}],"collection":[{"href":"https:\/\/laundryxpresss.it\/fr\/wp-json\/wp\/v2\/pages"}],"about":[{"href":"https:\/\/laundryxpresss.it\/fr\/wp-json\/wp\/v2\/types\/page"}],"author":[{"embeddable":true,"href":"https:\/\/laundryxpresss.it\/fr\/wp-json\/wp\/v2\/users\/2"}],"replies":[{"embeddable":true,"href":"https:\/\/laundryxpresss.it\/fr\/wp-json\/wp\/v2\/comments?post=46"}],"version-history":[{"count":0,"href":"https:\/\/laundryxpresss.it\/fr\/wp-json\/wp\/v2\/pages\/46\/revisions"}],"wp:attachment":[{"href":"https:\/\/laundryxpresss.it\/fr\/wp-json\/wp\/v2\/media?parent=46"}],"curies":[{"name":"wp","href":"https:\/\/api.w.org\/{rel}","templated":true}]}}