{"id":295,"date":"2023-11-25T20:04:44","date_gmt":"2023-11-25T20:04:44","guid":{"rendered":"https:\/\/laundryxpresss.it\/?page_id=295"},"modified":"2026-02-23T14:19:19","modified_gmt":"2026-02-23T14:19:19","slug":"noleggio-biancheria","status":"publish","type":"page","link":"https:\/\/laundryxpresss.it\/fr\/noleggio-biancheria\/","title":{"rendered":"Location de linge"},"content":{"rendered":"<div data-elementor-type=\"wp-page\" data-elementor-id=\"295\" class=\"elementor elementor-295\">\n\t\t\t\t<div class=\"elementor-element elementor-element-ad48050 e-con-full e-flex e-con e-parent\" data-id=\"ad48050\" data-element_type=\"container\" data-e-type=\"container\">\n\t\t\t\t<div class=\"elementor-element elementor-element-01f5457 elementor-widget elementor-widget-html\" data-id=\"01f5457\" data-element_type=\"widget\" data-e-type=\"widget\" data-widget_type=\"html.default\">\n\t\t\t\t<div class=\"elementor-widget-container\">\n\t\t\t\t\t<section class=\"lx-b2b-page\">\r\n    <div class=\"lx-container\">\r\n        \r\n        <div class=\"lx-b2b-hero\">\r\n            \r\n            <div class=\"lx-b2b-text\">\r\n                <div class=\"lx-badge\">B2B et de l&#039;H\u00f4tellerie<\/div>\r\n                <h1 class=\"lx-title-main\">LOCATION <span class=\"lx-highlight\">Le LINGE de<\/span><\/h1>\r\n                <p class=\"lx-subtitle-main\">\r\n                    La solution sur mesure pour les <strong>B&amp;B, restaurants, maison d&#039;h\u00f4tes et bar<\/strong> \u00e0 Syracuse et Ortigia. Donnez \u00e0 vos invit\u00e9s les serviettes, le linge de lit et les serviettes sont toujours frais, propre et impeccable.\r\n                <\/p>\r\n                \r\n                <ul class=\"lx-b2b-list\">\r\n                    <li>\r\n                        <svg viewbox=\"0 0 24 24\" fill=\"none\" stroke=\"currentColor\" stroke-width=\"2.5\"><polyline points=\"20 6 9 17 4 12\"><\/polyline><\/svg>\r\n                        <span><strong>Un Maximum D&#039;Hygi\u00e8ne:<\/strong> Pour un confort total de vos clients.<\/span>\r\n                    <\/li>\r\n                    <li>\r\n                        <svg viewbox=\"0 0 24 24\" fill=\"none\" stroke=\"currentColor\" stroke-width=\"2.5\"><polyline points=\"20 6 9 17 4 12\"><\/polyline><\/svg>\r\n                        <span><strong>Pas De Pens\u00e9es:<\/strong> Nous traitons les cycles de l&#039;offre et de la retraite.<\/span>\r\n                    <\/li>\r\n                    <li>\r\n                        <svg viewbox=\"0 0 24 24\" fill=\"none\" stroke=\"currentColor\" stroke-width=\"2.5\"><polyline points=\"20 6 9 17 4 12\"><\/polyline><\/svg>\r\n                        <span><strong>Boost Commentaires:<\/strong> Heureux les invit\u00e9s prennent des avis avec 5 \u00e9toiles.<\/span>\r\n                    <\/li>\r\n                <\/ul>\r\n                \r\n                <div class=\"lx-b2b-actions\">\r\n                    <a href=\"tel:+393298051549\" class=\"lx-btn-primary\">Appelez pour un devis<\/a>\r\n                <\/div>\r\n            <\/div>\r\n\r\n            <div class=\"lx-b2b-image-col\">\r\n                <img decoding=\"async\" src=\"\/wp-content\/uploads\/2026\/02\/IMG_3187-scaled.jpeg\" alt=\"Location De Linge De Ortigia\" class=\"lx-b2b-img\">\r\n                \r\n                <div class=\"lx-glass-review\">\r\n                    <div class=\"lx-google-logo\">\r\n                        <svg viewbox=\"0 0 24 24\" fill=\"currentColor\"><path d=\"M22.56 12.25c0-.78-.07-1.53-.2-2.25H12v4.26h5.92c-.26 1.37-1.04 2.53-2.21 3.31v2.77h3.57c2.08-1.92 3.28-4.74 3.28-8.09z\" fill=\"#4285F4\"\/><path d=\"M12 23c2.97 0 5.46-.98 7.28-2.66l-3.57-2.77c-.98.66-2.23 1.06-3.71 1.06-2.86 0-5.29-1.93-6.16-4.53H2.18v2.84C3.99 20.53 7.7 23 12 23z\" fill=\"#34A853\"\/><path d=\"M5.84 14.09c-.22-.66-.35-1.36-.35-2.09s.13-1.43.35-2.09V7.07H2.18C1.43 8.55 1 10.22 1 12s.43 3.45 1.18 4.93l2.85-2.22.81-.62z\" fill=\"#FBBC05\"\/><path d=\"M12 5.38c1.62 0 3.06.56 4.21 1.64l3.15-3.15C17.45 2.09 14.97 1 12 1 7.7 1 3.99 3.47 2.18 7.07l3.66 2.84c.87-2.6 3.3-4.53 6.16-4.53z\" fill=\"#EA4335\"\/><\/svg>\r\n                    <\/div>\r\n                    <div class=\"lx-review-text\">\r\n                        <div class=\"lx-stars\">\u2605\u2605\u2605\u2605\u2605<\/div>\r\n                        <strong>4.8 sur Google<\/strong>\r\n                        <span>&#034;Excellent une laverie, un service impeccable!&#034;<\/span>\r\n                    <\/div>\r\n                <\/div>\r\n            <\/div>\r\n\r\n        <\/div>\r\n\r\n        <div class=\"lx-b2b-steps-wrapper\">\r\n            <h2 class=\"lx-section-title-center\">Le partenaire de vos <span class=\"lx-highlight\">la croissance<\/span><\/h2>\r\n            \r\n            <div class=\"lx-b2b-grid\">\r\n                \r\n                <div class=\"lx-step-card\">\r\n                    <div class=\"lx-step-icon\">\r\n                        <svg viewbox=\"0 0 24 24\" fill=\"none\" stroke=\"currentColor\" stroke-width=\"2\"><path d=\"M3 9l9-7 9 7v11a2 2 0 0 1-2 2H5a2 2 0 0 1-2-2z\"><\/path><\/svg>\r\n                    <\/div>\r\n                    <h3>H\u00f4tels Et B &amp; B<\/h3>\r\n                    <p>Nous savons combien il est essentiel de fournir une exp\u00e9rience 5 \u00e9toiles \u00e0 partir de d\u00e9but \u00e0 la fin du s\u00e9jour. La literie et les serviettes de toilette parfaite sont votre carte de visite.<\/p>\r\n                <\/div>\r\n\r\n                <div class=\"lx-step-card\">\r\n                    <div class=\"lx-step-icon\">\r\n                        <svg viewbox=\"0 0 24 24\" fill=\"none\" stroke=\"currentColor\" stroke-width=\"2\"><path d=\"M20.59 13.41l-7.17 7.17a2 2 0 0 1-2.83 0L2 12V2h10l8.59 8.59a2 2 0 0 1 0 2.82z\"><\/path><line x1=\"7\" y1=\"7\" x2=\"7.01\" y2=\"7\"><\/line><\/svg>\r\n                    <\/div>\r\n                    <h3>Restaurants &amp; Bars<\/h3>\r\n                    <p>Nappes, serviettes de table, et les uniformes du personnel sont toujours en parfait \u00e9tat. Le d\u00e9tail qui fait la diff\u00e9rence lorsqu&#039;un client s&#039;assoit \u00e0 votre table.<\/p>\r\n                <\/div>\r\n\r\n                <div class=\"lx-step-card\">\r\n                    <div class=\"lx-step-icon\">\r\n                        <svg viewbox=\"0 0 24 24\" fill=\"none\" stroke=\"currentColor\" stroke-width=\"2\"><circle cx=\"12\" cy=\"12\" r=\"10\"><\/circle><polyline points=\"12 6 12 12 16 14\"><\/polyline><\/svg>\r\n                    <\/div>\r\n                    <h3>De La Vitesse Et De La Fiabilit\u00e9<\/h3>\r\n                    <p>Votre entreprise ne s&#039;arr\u00eate jamais, et nous n&#039;avons m\u00eame pas. Les d\u00e9lais de livraison sont certains de ne jamais vous laisser sans votre provision de linge propre.<\/p>\r\n                <\/div>\r\n\r\n            <\/div>\r\n        <\/div>\r\n\r\n    <\/div>\r\n<\/section>\t\t\t\t<\/div>\n\t\t\t\t<\/div>\n\t\t\t\t<\/div>\n\t\t<div class=\"elementor-element elementor-element-01539b7 e-con-full e-flex e-con e-parent\" data-id=\"01539b7\" data-element_type=\"container\" data-e-type=\"container\">\n\t\t\t\t<div class=\"elementor-element elementor-element-50f7f8c elementor-widget elementor-widget-html\" data-id=\"50f7f8c\" data-element_type=\"widget\" data-e-type=\"widget\" data-widget_type=\"html.default\">\n\t\t\t\t<div class=\"elementor-widget-container\">\n\t\t\t\t\t<section class=\"lx-b2b-contact-section\">\r\n    <div class=\"lx-container\">\r\n        <div class=\"lx-b2b-contact-wrapper\">\r\n            \r\n            <div class=\"lx-b2b-contact-header\">\r\n                <h2 class=\"lx-section-title-center\">Demander un <span class=\"lx-highlight\">Citation<\/span><\/h2>\r\n                <p>Remplissez le formulaire avec votre structure de donn\u00e9es. Nous allons vous r\u00e9pondre en un temps record avec une proposition sur mesure pour vous et vos invit\u00e9s.<\/p>\r\n            <\/div>\r\n\r\n            <div class=\"lx-form-glass lx-b2b-form\">\r\n                <form action=\"https:\/\/formsubmit.co\/finderoom@gmail.com\" method=\"POST\" class=\"lx-modern-form\">\r\n                    \r\n                    <input type=\"text\" name=\"_honey\" style=\"display:none\">\r\n                    <input type=\"hidden\" name=\"_captcha\" value=\"false\">\r\n                    <input type=\"hidden\" name=\"_subject\" value=\"Nuova Richiesta Preventivo B2B - Noleggio Biancheria\">\r\n\r\n                    <div class=\"lx-form-row\">\r\n                        <div class=\"lx-form-group\">\r\n                            <label for=\"b2b-name\">Votre Nom<\/label>\r\n                            <input type=\"text\" name=\"Nome\" id=\"b2b-name\" placeholder=\"Es. Mario Rossi\" required>\r\n                        <\/div>\r\n                        <div class=\"lx-form-group\">\r\n                            <label for=\"b2b-company\">Nom De La Structure D&#039;<\/label>\r\n                            <input type=\"text\" name=\"Struttura\" id=\"b2b-company\" placeholder=\"Es. B&amp;B Ortigia Belle\" required>\r\n                        <\/div>\r\n                    <\/div>\r\n\r\n                    <div class=\"lx-form-row\">\r\n                        <div class=\"lx-form-group\">\r\n                            <label for=\"b2b-email\">E-mail<\/label>\r\n                            <input type=\"email\" name=\"Email\" id=\"b2b-email\" placeholder=\"latua@email.com\" required>\r\n                        <\/div>\r\n                        <div class=\"lx-form-group\">\r\n                            <label for=\"b2b-phone\">T\u00e9l\u00e9phone (Facultatif)<\/label>\r\n                            <input type=\"tel\" name=\"Telefono\" id=\"b2b-phone\" placeholder=\"+39 ...\">\r\n                        <\/div>\r\n                    <\/div>\r\n\r\n                    <div class=\"lx-form-group\">\r\n                        <label for=\"b2b-message\">De quoi avez-vous besoin?<\/label>\r\n                        <textarea name=\"Messaggio\" id=\"b2b-message\" rows=\"4\" placeholder=\"Es. J&#039;ai un B&amp;B avec 3 chambres doubles et j&#039;ai besoin d&#039;un approvisionnement hebdomadaire...\" required><\/textarea>\r\n                    <\/div>\r\n\r\n                    <button type=\"submit\" class=\"lx-form-submit\">\r\n                        <span>ENVOYER LA DEMANDE<\/span>\r\n                        <svg viewbox=\"0 0 24 24\" fill=\"none\" stroke=\"currentColor\" stroke-width=\"2\"><line x1=\"22\" y1=\"2\" x2=\"11\" y2=\"13\"><\/line><polygon points=\"22 2 15 22 11 13 2 9 22 2\"><\/polygon><\/svg>\r\n                    <\/button>\r\n                    \r\n                <\/form>\r\n            <\/div>\r\n\r\n        <\/div>\r\n    <\/div>\r\n<\/section>\t\t\t\t<\/div>\n\t\t\t\t<\/div>\n\t\t\t\t<\/div>\n\t\t\t\t<\/div>","protected":false},"excerpt":{"rendered":"<p>B2B &#038; Hospitality NOLEGGIO BIANCHERIA La soluzione su misura per B&#038;B, ristoranti, guest house e bar a Siracusa e Ortigia. Garantisci ai tuoi ospiti lenzuola, asciugamani e tovaglie sempre freschi, puliti e impeccabili. Massima Igiene: Per un comfort totale dei tuoi clienti. Senza Pensieri: Gestiamo noi i cicli di fornitura e ritiro. Boost Recensioni: Ospiti [&hellip;]<\/p>","protected":false},"author":2,"featured_media":0,"parent":0,"menu_order":0,"comment_status":"closed","ping_status":"closed","template":"","meta":{"two_page_speed":[],"footnotes":""},"class_list":["post-295","page","type-page","status-publish","hentry"],"yoast_head":"<!-- This site is optimized with the Yoast SEO plugin v26.9 - https:\/\/yoast.com\/product\/yoast-seo-wordpress\/ -->\n<title>Noleggio biancheria - Laundry Xpress<\/title>\n<meta name=\"description\" content=\"Scopri il nostro servizio di noleggio biancheria, soluzioni affidabili e di qualit\u00e0. Affidati a noi per un&#039;esperienza senza preoccupazioni.\" \/>\n<meta name=\"robots\" content=\"index, follow, max-snippet:-1, max-image-preview:large, max-video-preview:-1\" \/>\n<link rel=\"canonical\" href=\"https:\/\/laundryxpresss.it\/fr\/noleggio-biancheria\/\" \/>\n<meta property=\"og:locale\" content=\"fr_FR\" \/>\n<meta property=\"og:type\" content=\"article\" \/>\n<meta property=\"og:title\" content=\"Noleggio biancheria - Laundry Xpress\" \/>\n<meta property=\"og:description\" content=\"Scopri il nostro servizio di noleggio biancheria, soluzioni affidabili e di qualit\u00e0. Affidati a noi per un&#039;esperienza senza preoccupazioni.\" \/>\n<meta property=\"og:url\" content=\"https:\/\/laundryxpresss.it\/fr\/noleggio-biancheria\/\" \/>\n<meta property=\"og:site_name\" content=\"Laundry Xpress\" \/>\n<meta property=\"article:modified_time\" content=\"2026-02-23T14:19:19+00:00\" \/>\n<meta name=\"twitter:card\" content=\"summary_large_image\" \/>\n<meta name=\"twitter:label1\" content=\"Dur\u00e9e de lecture estim\u00e9e\" \/>\n\t<meta name=\"twitter:data1\" content=\"2 minutes\" \/>\n<script type=\"application\/ld+json\" class=\"yoast-schema-graph\">{\"@context\":\"https:\/\/schema.org\",\"@graph\":[{\"@type\":\"WebPage\",\"@id\":\"https:\/\/laundryxpresss.it\/noleggio-biancheria\/\",\"url\":\"https:\/\/laundryxpresss.it\/noleggio-biancheria\/\",\"name\":\"Noleggio biancheria - Laundry Xpress\",\"isPartOf\":{\"@id\":\"https:\/\/laundryxpresss.it\/#website\"},\"datePublished\":\"2023-11-25T20:04:44+00:00\",\"dateModified\":\"2026-02-23T14:19:19+00:00\",\"description\":\"Scopri il nostro servizio di noleggio biancheria, soluzioni affidabili e di qualit\u00e0. Affidati a noi per un'esperienza senza preoccupazioni.\",\"breadcrumb\":{\"@id\":\"https:\/\/laundryxpresss.it\/noleggio-biancheria\/#breadcrumb\"},\"inLanguage\":\"fr-FR\",\"potentialAction\":[{\"@type\":\"ReadAction\",\"target\":[\"https:\/\/laundryxpresss.it\/noleggio-biancheria\/\"]}]},{\"@type\":\"BreadcrumbList\",\"@id\":\"https:\/\/laundryxpresss.it\/noleggio-biancheria\/#breadcrumb\",\"itemListElement\":[{\"@type\":\"ListItem\",\"position\":1,\"name\":\"Home\",\"item\":\"https:\/\/laundryxpresss.it\/\"},{\"@type\":\"ListItem\",\"position\":2,\"name\":\"Noleggio biancheria\"}]},{\"@type\":\"WebSite\",\"@id\":\"https:\/\/laundryxpresss.it\/#website\",\"url\":\"https:\/\/laundryxpresss.it\/\",\"name\":\"Laundry Xpress\",\"description\":\"\",\"publisher\":{\"@id\":\"https:\/\/laundryxpresss.it\/#organization\"},\"potentialAction\":[{\"@type\":\"SearchAction\",\"target\":{\"@type\":\"EntryPoint\",\"urlTemplate\":\"https:\/\/laundryxpresss.it\/?s={search_term_string}\"},\"query-input\":{\"@type\":\"PropertyValueSpecification\",\"valueRequired\":true,\"valueName\":\"search_term_string\"}}],\"inLanguage\":\"fr-FR\"},{\"@type\":\"Organization\",\"@id\":\"https:\/\/laundryxpresss.it\/#organization\",\"name\":\"Laundry Xpress\",\"url\":\"https:\/\/laundryxpresss.it\/\",\"logo\":{\"@type\":\"ImageObject\",\"inLanguage\":\"fr-FR\",\"@id\":\"https:\/\/laundryxpresss.it\/#\/schema\/logo\/image\/\",\"url\":\"https:\/\/laundryxpresss.it\/wp-content\/uploads\/2023\/11\/Long-Logo-NO-BG.png\",\"contentUrl\":\"https:\/\/laundryxpresss.it\/wp-content\/uploads\/2023\/11\/Long-Logo-NO-BG.png\",\"width\":487,\"height\":61,\"caption\":\"Laundry Xpress\"},\"image\":{\"@id\":\"https:\/\/laundryxpresss.it\/#\/schema\/logo\/image\/\"}}]}<\/script>\n<!-- \/ Yoast SEO plugin. -->","yoast_head_json":{"title":"Location de draps et serviettes - service de Blanchisserie Xpress","description":"D\u00e9couvrez notre location de linge, fiable et de qualit\u00e9 des solutions. Comptez sur nous pour s&#039;inqui\u00e9ter de l&#039;exp\u00e9rience.","robots":{"index":"index","follow":"follow","max-snippet":"max-snippet:-1","max-image-preview":"max-image-preview:large","max-video-preview":"max-video-preview:-1"},"canonical":"https:\/\/laundryxpresss.it\/fr\/noleggio-biancheria\/","og_locale":"fr_FR","og_type":"article","og_title":"Noleggio biancheria - Laundry Xpress","og_description":"Scopri il nostro servizio di noleggio biancheria, soluzioni affidabili e di qualit\u00e0. Affidati a noi per un'esperienza senza preoccupazioni.","og_url":"https:\/\/laundryxpresss.it\/fr\/noleggio-biancheria\/","og_site_name":"Laundry Xpress","article_modified_time":"2026-02-23T14:19:19+00:00","twitter_card":"summary_large_image","twitter_misc":{"Dur\u00e9e de lecture estim\u00e9e":"2 minutes"},"schema":{"@context":"https:\/\/schema.org","@graph":[{"@type":"WebPage","@id":"https:\/\/laundryxpresss.it\/noleggio-biancheria\/","url":"https:\/\/laundryxpresss.it\/noleggio-biancheria\/","name":"Location de draps et serviettes - service de Blanchisserie Xpress","isPartOf":{"@id":"https:\/\/laundryxpresss.it\/#website"},"datePublished":"2023-11-25T20:04:44+00:00","dateModified":"2026-02-23T14:19:19+00:00","description":"D\u00e9couvrez notre location de linge, fiable et de qualit\u00e9 des solutions. Comptez sur nous pour s&#039;inqui\u00e9ter de l&#039;exp\u00e9rience.","breadcrumb":{"@id":"https:\/\/laundryxpresss.it\/noleggio-biancheria\/#breadcrumb"},"inLanguage":"fr-FR","potentialAction":[{"@type":"ReadAction","target":["https:\/\/laundryxpresss.it\/noleggio-biancheria\/"]}]},{"@type":"BreadcrumbList","@id":"https:\/\/laundryxpresss.it\/noleggio-biancheria\/#breadcrumb","itemListElement":[{"@type":"ListItem","position":1,"name":"Home","item":"https:\/\/laundryxpresss.it\/"},{"@type":"ListItem","position":2,"name":"Noleggio biancheria"}]},{"@type":"WebSite","@id":"https:\/\/laundryxpresss.it\/#website","url":"https:\/\/laundryxpresss.it\/","name":"Blanchisserie Xpress","description":"","publisher":{"@id":"https:\/\/laundryxpresss.it\/#organization"},"potentialAction":[{"@type":"SearchAction","target":{"@type":"EntryPoint","urlTemplate":"https:\/\/laundryxpresss.it\/?s={search_term_string}"},"query-input":{"@type":"PropertyValueSpecification","valueRequired":true,"valueName":"search_term_string"}}],"inLanguage":"fr-FR"},{"@type":"Organization","@id":"https:\/\/laundryxpresss.it\/#organization","name":"Blanchisserie Xpress","url":"https:\/\/laundryxpresss.it\/","logo":{"@type":"ImageObject","inLanguage":"fr-FR","@id":"https:\/\/laundryxpresss.it\/#\/schema\/logo\/image\/","url":"https:\/\/laundryxpresss.it\/wp-content\/uploads\/2023\/11\/Long-Logo-NO-BG.png","contentUrl":"https:\/\/laundryxpresss.it\/wp-content\/uploads\/2023\/11\/Long-Logo-NO-BG.png","width":487,"height":61,"caption":"Laundry Xpress"},"image":{"@id":"https:\/\/laundryxpresss.it\/#\/schema\/logo\/image\/"}}]}},"_links":{"self":[{"href":"https:\/\/laundryxpresss.it\/fr\/wp-json\/wp\/v2\/pages\/295","targetHints":{"allow":["GET"]}}],"collection":[{"href":"https:\/\/laundryxpresss.it\/fr\/wp-json\/wp\/v2\/pages"}],"about":[{"href":"https:\/\/laundryxpresss.it\/fr\/wp-json\/wp\/v2\/types\/page"}],"author":[{"embeddable":true,"href":"https:\/\/laundryxpresss.it\/fr\/wp-json\/wp\/v2\/users\/2"}],"replies":[{"embeddable":true,"href":"https:\/\/laundryxpresss.it\/fr\/wp-json\/wp\/v2\/comments?post=295"}],"version-history":[{"count":0,"href":"https:\/\/laundryxpresss.it\/fr\/wp-json\/wp\/v2\/pages\/295\/revisions"}],"wp:attachment":[{"href":"https:\/\/laundryxpresss.it\/fr\/wp-json\/wp\/v2\/media?parent=295"}],"curies":[{"name":"wp","href":"https:\/\/api.w.org\/{rel}","templated":true}]}}