{"id":279,"date":"2023-11-25T19:51:10","date_gmt":"2023-11-25T19:51:10","guid":{"rendered":"https:\/\/laundryxpresss.it\/?page_id=279"},"modified":"2026-02-23T16:16:49","modified_gmt":"2026-02-23T16:16:49","slug":"lavaggio-e-asciugatura","status":"publish","type":"page","link":"https:\/\/laundryxpresss.it\/fr\/lavaggio-e-asciugatura\/","title":{"rendered":"Le lavage et le s\u00e9chage"},"content":{"rendered":"<div data-elementor-type=\"wp-page\" data-elementor-id=\"279\" class=\"elementor elementor-279\">\n\t\t\t\t<div class=\"elementor-element elementor-element-a7cf3cb e-con-full e-flex e-con e-parent\" data-id=\"a7cf3cb\" data-element_type=\"container\" data-e-type=\"container\">\n\t\t\t\t<div class=\"elementor-element elementor-element-9f7959f elementor-widget elementor-widget-html\" data-id=\"9f7959f\" data-element_type=\"widget\" data-e-type=\"widget\" data-widget_type=\"html.default\">\n\t\t\t\t<div class=\"elementor-widget-container\">\n\t\t\t\t\t<section class=\"lx-selfservice-hero\">\r\n    <div class=\"lx-container\">\r\n        <div class=\"lx-selfservice-grid\">\r\n\r\n            <div class=\"lx-ss-text-col\">\r\n                <div class=\"lx-badge\">Auto-Prime De Service<\/div>\r\n                <h1 class=\"lx-title-main\">LAVAGE ET <span class=\"lx-highlight\">S\u00c9CHAGE<\/span><\/h1>\r\n                <p class=\"lx-subtitle-main\">\r\n                    Votre partenaire de confiance pour une lessive impeccable. La derni\u00e8re g\u00e9n\u00e9ration de machines \u00e0 manipuler des charges jusqu&#039;\u00e0 18 kg en toute simplicit\u00e9 et sans stress.\r\n                <\/p>\r\n\r\n                <ul class=\"lx-ss-features\">\r\n                    <li>\r\n                        <svg viewbox=\"0 0 24 24\" fill=\"none\" stroke=\"currentColor\" stroke-width=\"2.5\"><polyline points=\"20 6 9 17 4 12\"><\/polyline><\/svg>\r\n                        <span><strong>Tout est inclus:<\/strong> D\u00e9tergent, assouplissant d\u00e9sinfectant et sont fournis et dos\u00e9 automatiquement.<\/span>\r\n                    <\/li>\r\n                    <li>\r\n                        <svg viewbox=\"0 0 24 24\" fill=\"none\" stroke=\"currentColor\" stroke-width=\"2.5\"><polyline points=\"20 6 9 17 4 12\"><\/polyline><\/svg>\r\n                        <span><strong>Z\u00e9ro efforts:<\/strong> Les r\u00e9sultats et les machines intuitif, facile \u00e0 utiliser pour n&#039;importe qui.<\/span>\r\n                    <\/li>\r\n                    <li>\r\n                        <svg viewbox=\"0 0 24 24\" fill=\"none\" stroke=\"currentColor\" stroke-width=\"2.5\"><polyline points=\"20 6 9 17 4 12\"><\/polyline><\/svg>\r\n                        <span><strong>Un Maximum de confort:<\/strong> De grandes tables disponibles pour plier votre linge dans une relaxation totale.<\/span>\r\n                    <\/li>\r\n                <\/ul>\r\n            <\/div>\r\n\r\n            <div class=\"lx-ss-image-col\">\r\n                <img decoding=\"async\" src=\"\/wp-content\/uploads\/2026\/02\/IMG_3185-scaled.jpeg\" alt=\"Les Machines \u00c0 Laver De Blanchisserie Xpress\" class=\"lx-ss-img\">\r\n                \r\n                <div class=\"lx-glass-badge\">\r\n                    <div class=\"lx-glass-icon\">\u2728<\/div>\r\n                    <div class=\"lx-glass-text\">\r\n                        <strong>D\u00e9tergent Inclus<\/strong>\r\n                        <span>Dosage automatique<\/span>\r\n                    <\/div>\r\n                <\/div>\r\n            <\/div>\r\n\r\n        <\/div>\r\n    <\/div>\r\n<\/section>\t\t\t\t<\/div>\n\t\t\t\t<\/div>\n\t\t\t\t<\/div>\n\t\t<div class=\"elementor-element elementor-element-f1b452e e-con-full e-flex e-con e-parent\" data-id=\"f1b452e\" data-element_type=\"container\" data-e-type=\"container\">\n\t\t\t\t<div class=\"elementor-element elementor-element-3078c19 elementor-widget elementor-widget-html\" data-id=\"3078c19\" data-element_type=\"widget\" data-e-type=\"widget\" data-widget_type=\"html.default\">\n\t\t\t\t<div class=\"elementor-widget-container\">\n\t\t\t\t\t<section id=\"prezzi\" class=\"lx-pricing-section\">\r\n    <div class=\"lx-container\">\r\n        \r\n        <div class=\"lx-pricing-header\">\r\n            <h2 class=\"lx-section-title\">Notre <span class=\"lx-blue-text\">Prix<\/span><\/h2>\r\n            <p class=\"lx-pricing-subtitle\">Lavage propre et s\u00e8che en seulement 65 minutes en!<\/p>\r\n            \r\n            <div class=\"lx-pricing-toggle\">\r\n                <button class=\"lx-toggle-btn active\" id=\"btn-standard\">Prix Standard<\/button>\r\n                <button class=\"lx-toggle-btn\" id=\"btn-fidelity\">Avec La Carte De Fid\u00e9lit\u00e9<\/button>\r\n            <\/div>\r\n        <\/div>\r\n\r\n        <div class=\"lx-pricing-grid\">\r\n            \r\n            <div class=\"lx-price-card\">\r\n                <div class=\"lx-card-header\">Lavage<\/div>\r\n                <div class=\"lx-price-list\">\r\n                    <div class=\"lx-price-row\">\r\n                        <span>9 Kg<\/span>\r\n                        <strong class=\"lx-dynamic-price\" data-standard=\"\u20ac 6,00\" data-fidelity=\"\u20ac 5,50\">\u20ac 6,00<\/strong>\r\n                    <\/div>\r\n                    <div class=\"lx-price-row\">\r\n                        <span>14 Kg<\/span>\r\n                        <strong class=\"lx-dynamic-price\" data-standard=\"\u20ac 9,00\" data-fidelity=\"\u20ac 8,50\">\u20ac 9,00<\/strong>\r\n                    <\/div>\r\n                    <div class=\"lx-price-row\">\r\n                        <span>18 Kg<\/span>\r\n                        <strong class=\"lx-dynamic-price\" data-standard=\"\u20ac 11,00\" data-fidelity=\"\u20ac 10,50\">\u20ac 11,00<\/strong>\r\n                    <\/div>\r\n                <\/div>\r\n                <div class=\"lx-card-footer\">1 Cycle de 35 minutes<br>D\u00e9tergent inclus<\/div>\r\n            <\/div>\r\n\r\n            <div class=\"lx-price-card\">\r\n                <div class=\"lx-card-header\">S\u00e9chage<\/div>\r\n                <div class=\"lx-price-list\">\r\n                    <div class=\"lx-price-row\">\r\n                        <span>10 min.<\/span>\r\n                        <strong class=\"lx-dynamic-price\" data-standard=\"\u20ac 2,00\" data-fidelity=\"\u20ac 1,80\">\u20ac 2,00<\/strong>\r\n                    <\/div>\r\n                    <div class=\"lx-price-row\">\r\n                        <span>20 min.<\/span>\r\n                        <strong class=\"lx-dynamic-price\" data-standard=\"\u20ac 4,00\" data-fidelity=\"\u20ac 3,60\">\u20ac 4,00<\/strong>\r\n                    <\/div>\r\n                    <div class=\"lx-price-row\">\r\n                        <span>30 min.<\/span>\r\n                        <strong class=\"lx-dynamic-price\" data-standard=\"\u20ac 6,00\" data-fidelity=\"\u20ac 5,40\">\u20ac 6,00<\/strong>\r\n                    <\/div>\r\n\r\n                <\/div>\r\n                <div class=\"lx-card-footer\">Temps sugg\u00e9r\u00e9 30 minutes<\/div>\r\n            <\/div>\r\n\r\n            <div class=\"lx-price-card lx-card-premium\">\r\n                <div class=\"lx-card-header\">Le ramassage et la Livraison<\/div>\r\n                <div class=\"lx-price-giant\">\r\n                    <span class=\"lx-dynamic-price\" data-standard=\"\u20ac 25,00\" data-fidelity=\"\u20ac 25,00\">\u20ac 25,00<\/span>\r\n                <\/div>\r\n                <p class=\"lx-premium-desc\">Un service complet: de ramassage, lavage, s\u00e9chage, pliage et la livraison \u00e0 votre domicile.<\/p>\r\n                <a href=\"https:\/\/wa.me\/393298051549\" class=\"lx-btn-premium\">R\u00e9servez Maintenant<\/a>\r\n            <\/div>\r\n\r\n        <\/div>\r\n\r\n        <div class=\"lx-fidelity-banner\">\r\n            <div class=\"lx-fidelity-icon\">\r\n                <svg viewbox=\"0 0 24 24\" fill=\"none\" stroke=\"currentColor\" stroke-width=\"2\"><rect x=\"3\" y=\"5\" width=\"18\" height=\"14\" rx=\"2\" ry=\"2\"><\/rect><line x1=\"3\" y1=\"10\" x2=\"21\" y2=\"10\"><\/line><\/svg>\r\n            <\/div>\r\n            <div class=\"lx-fidelity-text\">\r\n                <h4>N&#039;avez pas de Carte de Fid\u00e9lit\u00e9?<\/h4>\r\n                <p>Imm\u00e9diatement dans le magasin \u00e0 la Borne. Facile \u00e0 charger, et vous garantit de b\u00e9n\u00e9ficier de r\u00e9ductions exclusives sur chaque lavage.<\/p>\r\n            <\/div>\r\n            <a href=\"\/fr\/fidelity\/\" class=\"lx-fidelity-link\">D\u00e9couvrez les Avantages <svg viewbox=\"0 0 24 24\" fill=\"none\" stroke=\"currentColor\" stroke-width=\"2\"><path d=\"M5 12h14M12 5l7 7-7 7\"\/><\/svg><\/a>\r\n        <\/div>\r\n\r\n    <\/div>\r\n<\/section>\r\n\r\n<script id=\"lx-pricing-logic\" data-no-optimize=\"1\">\r\ndocument.addEventListener('DOMContentLoaded', function() {\r\n    const btnStandard = document.getElementById('btn-standard');\r\n    const btnFidelity = document.getElementById('btn-fidelity');\r\n    const prices = document.querySelectorAll('.lx-dynamic-price');\r\n    const pricingGrid = document.querySelector('.lx-pricing-grid'); \/\/ Il contenitore dei box\r\n\r\n    function togglePricing(mode) {\r\n        if (mode === 'fidelity') {\r\n            btnStandard.classList.remove('active');\r\n            btnFidelity.classList.add('active');\r\n            pricingGrid.classList.add('fidelity-mode'); \/\/ Attiva il colore blu\r\n        } else {\r\n            btnFidelity.classList.remove('active');\r\n            btnStandard.classList.add('active');\r\n            pricingGrid.classList.remove('fidelity-mode'); \/\/ Torna bianco\r\n        }\r\n\r\n        prices.forEach(price => {\r\n            price.style.opacity = '0';\r\n            setTimeout(() => {\r\n                const val = mode === 'fidelity' ? \r\n                            price.getAttribute('data-fidelity') : \r\n                            price.getAttribute('data-standard');\r\n                price.innerText = val;\r\n                price.style.opacity = '1';\r\n            }, 200);\r\n        });\r\n    }\r\n\r\n    btnStandard.addEventListener('click', () => togglePricing('standard'));\r\n    btnFidelity.addEventListener('click', () => togglePricing('fidelity'));\r\n});\r\n<\/script>\t\t\t\t<\/div>\n\t\t\t\t<\/div>\n\t\t\t\t<\/div>\n\t\t\t\t<\/div>","protected":false},"excerpt":{"rendered":"<p>Self-Service Premium LAVAGGIO E ASCIUGATURA Il tuo partner di fiducia per un bucato impeccabile. Macchinari di ultima generazione per gestire carichi fino a 18 kg in totale semplicit\u00e0 e senza stress. Tutto incluso: Detersivo, ammorbidente e disinfettante sono erogati e dosati automaticamente. Zero sforzi: Risultati ottimali e macchinari intuitivi, facilissimi da usare per chiunque. Massima [&hellip;]<\/p>","protected":false},"author":2,"featured_media":0,"parent":0,"menu_order":0,"comment_status":"closed","ping_status":"closed","template":"","meta":{"two_page_speed":[],"footnotes":""},"class_list":["post-279","page","type-page","status-publish","hentry"],"yoast_head":"<!-- This site is optimized with the Yoast SEO plugin v26.9 - https:\/\/yoast.com\/product\/yoast-seo-wordpress\/ -->\n<title>Lavaggio e asciugatura - Laundry Xpress<\/title>\n<meta name=\"description\" content=\"Lavaggio e asciugatura eccezionale, affidabilit\u00e0 e qualit\u00e0 al tuo servizio. Scopri il modo migliore per curare i tuoi capi. Contattaci ora!\" \/>\n<meta name=\"robots\" content=\"index, follow, max-snippet:-1, max-image-preview:large, max-video-preview:-1\" \/>\n<link rel=\"canonical\" href=\"https:\/\/laundryxpresss.it\/fr\/lavaggio-e-asciugatura\/\" \/>\n<meta property=\"og:locale\" content=\"fr_FR\" \/>\n<meta property=\"og:type\" content=\"article\" \/>\n<meta property=\"og:title\" content=\"Lavaggio e asciugatura - Laundry Xpress\" \/>\n<meta property=\"og:description\" content=\"Lavaggio e asciugatura eccezionale, affidabilit\u00e0 e qualit\u00e0 al tuo servizio. Scopri il modo migliore per curare i tuoi capi. Contattaci ora!\" \/>\n<meta property=\"og:url\" content=\"https:\/\/laundryxpresss.it\/fr\/lavaggio-e-asciugatura\/\" \/>\n<meta property=\"og:site_name\" content=\"Laundry Xpress\" \/>\n<meta property=\"article:modified_time\" content=\"2026-02-23T16:16:49+00:00\" \/>\n<meta name=\"twitter:card\" content=\"summary_large_image\" \/>\n<meta name=\"twitter:label1\" content=\"Dur\u00e9e de lecture estim\u00e9e\" \/>\n\t<meta name=\"twitter:data1\" content=\"2 minutes\" \/>\n<script type=\"application\/ld+json\" class=\"yoast-schema-graph\">{\"@context\":\"https:\/\/schema.org\",\"@graph\":[{\"@type\":\"WebPage\",\"@id\":\"https:\/\/laundryxpresss.it\/lavaggio-e-asciugatura\/\",\"url\":\"https:\/\/laundryxpresss.it\/lavaggio-e-asciugatura\/\",\"name\":\"Lavaggio e asciugatura - Laundry Xpress\",\"isPartOf\":{\"@id\":\"https:\/\/laundryxpresss.it\/#website\"},\"datePublished\":\"2023-11-25T19:51:10+00:00\",\"dateModified\":\"2026-02-23T16:16:49+00:00\",\"description\":\"Lavaggio e asciugatura eccezionale, affidabilit\u00e0 e qualit\u00e0 al tuo servizio. Scopri il modo migliore per curare i tuoi capi. Contattaci ora!\",\"breadcrumb\":{\"@id\":\"https:\/\/laundryxpresss.it\/lavaggio-e-asciugatura\/#breadcrumb\"},\"inLanguage\":\"fr-FR\",\"potentialAction\":[{\"@type\":\"ReadAction\",\"target\":[\"https:\/\/laundryxpresss.it\/lavaggio-e-asciugatura\/\"]}]},{\"@type\":\"BreadcrumbList\",\"@id\":\"https:\/\/laundryxpresss.it\/lavaggio-e-asciugatura\/#breadcrumb\",\"itemListElement\":[{\"@type\":\"ListItem\",\"position\":1,\"name\":\"Home\",\"item\":\"https:\/\/laundryxpresss.it\/\"},{\"@type\":\"ListItem\",\"position\":2,\"name\":\"Lavaggio e asciugatura\"}]},{\"@type\":\"WebSite\",\"@id\":\"https:\/\/laundryxpresss.it\/#website\",\"url\":\"https:\/\/laundryxpresss.it\/\",\"name\":\"Laundry Xpress\",\"description\":\"\",\"publisher\":{\"@id\":\"https:\/\/laundryxpresss.it\/#organization\"},\"potentialAction\":[{\"@type\":\"SearchAction\",\"target\":{\"@type\":\"EntryPoint\",\"urlTemplate\":\"https:\/\/laundryxpresss.it\/?s={search_term_string}\"},\"query-input\":{\"@type\":\"PropertyValueSpecification\",\"valueRequired\":true,\"valueName\":\"search_term_string\"}}],\"inLanguage\":\"fr-FR\"},{\"@type\":\"Organization\",\"@id\":\"https:\/\/laundryxpresss.it\/#organization\",\"name\":\"Laundry Xpress\",\"url\":\"https:\/\/laundryxpresss.it\/\",\"logo\":{\"@type\":\"ImageObject\",\"inLanguage\":\"fr-FR\",\"@id\":\"https:\/\/laundryxpresss.it\/#\/schema\/logo\/image\/\",\"url\":\"https:\/\/laundryxpresss.it\/wp-content\/uploads\/2023\/11\/Long-Logo-NO-BG.png\",\"contentUrl\":\"https:\/\/laundryxpresss.it\/wp-content\/uploads\/2023\/11\/Long-Logo-NO-BG.png\",\"width\":487,\"height\":61,\"caption\":\"Laundry Xpress\"},\"image\":{\"@id\":\"https:\/\/laundryxpresss.it\/#\/schema\/logo\/image\/\"}}]}<\/script>\n<!-- \/ Yoast SEO plugin. -->","yoast_head_json":{"title":"Laver et s\u00e9cher le linge Xpress","description":"De lavage et de s\u00e9chage exceptionnelle fiabilit\u00e9 et de qualit\u00e9, \u00e0 votre service. D\u00e9couvrez le meilleur moyen de prendre soin de vos v\u00eatements. Contactez-nous d\u00e8s maintenant!","robots":{"index":"index","follow":"follow","max-snippet":"max-snippet:-1","max-image-preview":"max-image-preview:large","max-video-preview":"max-video-preview:-1"},"canonical":"https:\/\/laundryxpresss.it\/fr\/lavaggio-e-asciugatura\/","og_locale":"fr_FR","og_type":"article","og_title":"Lavaggio e asciugatura - Laundry Xpress","og_description":"Lavaggio e asciugatura eccezionale, affidabilit\u00e0 e qualit\u00e0 al tuo servizio. Scopri il modo migliore per curare i tuoi capi. Contattaci ora!","og_url":"https:\/\/laundryxpresss.it\/fr\/lavaggio-e-asciugatura\/","og_site_name":"Laundry Xpress","article_modified_time":"2026-02-23T16:16:49+00:00","twitter_card":"summary_large_image","twitter_misc":{"Dur\u00e9e de lecture estim\u00e9e":"2 minutes"},"schema":{"@context":"https:\/\/schema.org","@graph":[{"@type":"WebPage","@id":"https:\/\/laundryxpresss.it\/lavaggio-e-asciugatura\/","url":"https:\/\/laundryxpresss.it\/lavaggio-e-asciugatura\/","name":"Laver et s\u00e9cher le linge Xpress","isPartOf":{"@id":"https:\/\/laundryxpresss.it\/#website"},"datePublished":"2023-11-25T19:51:10+00:00","dateModified":"2026-02-23T16:16:49+00:00","description":"De lavage et de s\u00e9chage exceptionnelle fiabilit\u00e9 et de qualit\u00e9, \u00e0 votre service. D\u00e9couvrez le meilleur moyen de prendre soin de vos v\u00eatements. Contactez-nous d\u00e8s maintenant!","breadcrumb":{"@id":"https:\/\/laundryxpresss.it\/lavaggio-e-asciugatura\/#breadcrumb"},"inLanguage":"fr-FR","potentialAction":[{"@type":"ReadAction","target":["https:\/\/laundryxpresss.it\/lavaggio-e-asciugatura\/"]}]},{"@type":"BreadcrumbList","@id":"https:\/\/laundryxpresss.it\/lavaggio-e-asciugatura\/#breadcrumb","itemListElement":[{"@type":"ListItem","position":1,"name":"Home","item":"https:\/\/laundryxpresss.it\/"},{"@type":"ListItem","position":2,"name":"Lavaggio e asciugatura"}]},{"@type":"WebSite","@id":"https:\/\/laundryxpresss.it\/#website","url":"https:\/\/laundryxpresss.it\/","name":"Blanchisserie Xpress","description":"","publisher":{"@id":"https:\/\/laundryxpresss.it\/#organization"},"potentialAction":[{"@type":"SearchAction","target":{"@type":"EntryPoint","urlTemplate":"https:\/\/laundryxpresss.it\/?s={search_term_string}"},"query-input":{"@type":"PropertyValueSpecification","valueRequired":true,"valueName":"search_term_string"}}],"inLanguage":"fr-FR"},{"@type":"Organization","@id":"https:\/\/laundryxpresss.it\/#organization","name":"Blanchisserie Xpress","url":"https:\/\/laundryxpresss.it\/","logo":{"@type":"ImageObject","inLanguage":"fr-FR","@id":"https:\/\/laundryxpresss.it\/#\/schema\/logo\/image\/","url":"https:\/\/laundryxpresss.it\/wp-content\/uploads\/2023\/11\/Long-Logo-NO-BG.png","contentUrl":"https:\/\/laundryxpresss.it\/wp-content\/uploads\/2023\/11\/Long-Logo-NO-BG.png","width":487,"height":61,"caption":"Laundry Xpress"},"image":{"@id":"https:\/\/laundryxpresss.it\/#\/schema\/logo\/image\/"}}]}},"_links":{"self":[{"href":"https:\/\/laundryxpresss.it\/fr\/wp-json\/wp\/v2\/pages\/279","targetHints":{"allow":["GET"]}}],"collection":[{"href":"https:\/\/laundryxpresss.it\/fr\/wp-json\/wp\/v2\/pages"}],"about":[{"href":"https:\/\/laundryxpresss.it\/fr\/wp-json\/wp\/v2\/types\/page"}],"author":[{"embeddable":true,"href":"https:\/\/laundryxpresss.it\/fr\/wp-json\/wp\/v2\/users\/2"}],"replies":[{"embeddable":true,"href":"https:\/\/laundryxpresss.it\/fr\/wp-json\/wp\/v2\/comments?post=279"}],"version-history":[{"count":0,"href":"https:\/\/laundryxpresss.it\/fr\/wp-json\/wp\/v2\/pages\/279\/revisions"}],"wp:attachment":[{"href":"https:\/\/laundryxpresss.it\/fr\/wp-json\/wp\/v2\/media?parent=279"}],"curies":[{"name":"wp","href":"https:\/\/api.w.org\/{rel}","templated":true}]}}