{"id":944,"date":"2026-02-23T10:24:43","date_gmt":"2026-02-23T10:24:43","guid":{"rendered":"https:\/\/laundryxpresss.it\/?page_id=944"},"modified":"2026-02-23T13:49:17","modified_gmt":"2026-02-23T13:49:17","slug":"fidelity-card","status":"publish","type":"page","link":"https:\/\/laundryxpresss.it\/de\/fidelity-card\/","title":{"rendered":"Fidelity Card"},"content":{"rendered":"<div data-elementor-type=\"wp-page\" data-elementor-id=\"944\" class=\"elementor elementor-944\">\n\t\t\t\t<div class=\"elementor-element elementor-element-d5a0f7b e-con-full e-flex e-con e-parent\" data-id=\"d5a0f7b\" data-element_type=\"container\" data-e-type=\"container\">\n\t\t\t\t<div class=\"elementor-element elementor-element-1408d23 elementor-widget elementor-widget-html\" data-id=\"1408d23\" data-element_type=\"widget\" data-e-type=\"widget\" data-widget_type=\"html.default\">\n\t\t\t\t<div class=\"elementor-widget-container\">\n\t\t\t\t\t<section class=\"lx-fidelity-page\">\r\n    <div class=\"lx-container\">\r\n        \r\n        <div class=\"lx-fidelity-hero-grid\">\r\n            \r\n            <div class=\"lx-fidelity-text-col\">\r\n                <div class=\"lx-badge-fidelity\">Exklusive Vorteile<\/div>\r\n                <h1 class=\"lx-title-main\">IHR <span class=\"lx-highlight\">FIDELITY CARD<\/span><\/h1>\r\n                <p class=\"lx-subtitle-main\">\r\n                    Sparen sie bis zu 15% pro zyklus-waschen und trocknen. \n Die card kostet nur <strong>10\u20ac<\/strong> und beinhaltet bereits <strong>5\u20ac guthaben willkommen<\/strong> sofort startklar. Es ist die perfekte l\u00f6sung f\u00fcr die einwohner, studenten und vielflieger in Syrakus.\r\n                <\/p>\r\n                <a href=\"#come-funziona\" class=\"lx-btn-primary\">Erfahren sie, wie sie sie erhalten<\/a>\r\n            <\/div>\r\n\r\n            <div class=\"lx-fidelity-card-col\">\r\n                <img decoding=\"async\" src=\"\/wp-content\/uploads\/2026\/02\/Fidelity-Card.png\" alt=\"Laundry Xpress Fidelity Card\" class=\"lx-floating-card-img\">\r\n                \r\n                <div class=\"lx-floating-shadow\"><\/div>\r\n            <\/div>\r\n\r\n        <\/div>\r\n\r\n        <div id=\"come-funziona\" class=\"lx-fidelity-steps-section\">\r\n            <h2 class=\"lx-section-title\">Wie <span class=\"lx-highlight\">funktioniert das?<\/span><\/h2>\r\n            \r\n            <div class=\"lx-steps-grid\">\r\n                \r\n                <div class=\"lx-step-card\">\r\n                    <div class=\"lx-step-number\">1<\/div>\r\n                    <h3>Fordern Kiosk<\/h3>\r\n                    <p>Gehen sie zur kasse zentrale in unser lokal. Zum preis von 10\u20ac erhalten sie ihre card physischen gut <strong>5\u20ac kredit vorinstalliert<\/strong> einsatzbereit.<\/p>\r\n                <\/div>\r\n\r\n                <div class=\"lx-step-card\">\r\n                    <div class=\"lx-step-number\">2<\/div>\r\n                    <h3>Aufladen der Kreditkarte<\/h3>\r\n                    <p>Geben sie bargeld oder us-pay-karten zum aufladen, dass sie bevorzugen. Es gibt kein limit laden oder verfallsdaten.<\/p>\r\n                <\/div>\r\n\r\n                <div class=\"lx-step-card\">\r\n                    <div class=\"lx-step-number\">3<\/div>\r\n                    <h3>Unterst\u00fctzt und Initiiert<\/h3>\r\n                    <p>W\u00e4hlen sie die waschmaschine oder den trockner, die sie benutzen wollen, und er unterst\u00fctzt sie einfach ihre karte auf das leseger\u00e4t, um den zyklus starten, zu einem verg\u00fcnstigten preis.<\/p>\r\n                <\/div>\r\n\r\n            <\/div>\r\n        <\/div>\r\n\r\n    <\/div>\r\n<\/section>\t\t\t\t<\/div>\n\t\t\t\t<\/div>\n\t\t\t\t<\/div>\n\t\t\t\t<\/div>","protected":false},"excerpt":{"rendered":"<p>Vantaggi Esclusivi LA TUA FIDELITY CARD Risparmia fino al 15% su ogni ciclo di lavaggio e asciugatura. La card ha un costo di soli 10\u20ac e include gi\u00e0 5\u20ac di credito di benvenuto da utilizzare subito. \u00c8 la soluzione perfetta per residenti, studenti e viaggiatori abituali a Siracusa. Scopri come ottenerla Come funziona? 1 Richiedila [&hellip;]<\/p>","protected":false},"author":2,"featured_media":0,"parent":0,"menu_order":0,"comment_status":"closed","ping_status":"closed","template":"","meta":{"two_page_speed":[],"footnotes":""},"class_list":["post-944","page","type-page","status-publish","hentry"],"yoast_head":"<!-- This site is optimized with the Yoast SEO plugin v26.9 - https:\/\/yoast.com\/product\/yoast-seo-wordpress\/ -->\n<title>Fidelity Card - Laundry Xpress<\/title>\n<meta name=\"robots\" content=\"index, follow, max-snippet:-1, max-image-preview:large, max-video-preview:-1\" \/>\n<link rel=\"canonical\" href=\"https:\/\/laundryxpresss.it\/de\/fidelity-card\/\" \/>\n<meta property=\"og:locale\" content=\"de_DE\" \/>\n<meta property=\"og:type\" content=\"article\" \/>\n<meta property=\"og:title\" content=\"Fidelity Card - Laundry Xpress\" \/>\n<meta property=\"og:description\" content=\"Vantaggi Esclusivi LA TUA FIDELITY CARD Risparmia fino al 15% su ogni ciclo di lavaggio e asciugatura. La card ha un costo di soli 10\u20ac e include gi\u00e0 5\u20ac di credito di benvenuto da utilizzare subito. \u00c8 la soluzione perfetta per residenti, studenti e viaggiatori abituali a Siracusa. Scopri come ottenerla Come funziona? 1 Richiedila [&hellip;]\" \/>\n<meta property=\"og:url\" content=\"https:\/\/laundryxpresss.it\/de\/fidelity-card\/\" \/>\n<meta property=\"og:site_name\" content=\"Laundry Xpress\" \/>\n<meta property=\"article:modified_time\" content=\"2026-02-23T13:49:17+00:00\" \/>\n<meta name=\"twitter:card\" content=\"summary_large_image\" \/>\n<meta name=\"twitter:label1\" content=\"Gesch\u00e4tzte Lesezeit\" \/>\n\t<meta name=\"twitter:data1\" content=\"2\u00a0Minuten\" \/>\n<script type=\"application\/ld+json\" class=\"yoast-schema-graph\">{\"@context\":\"https:\/\/schema.org\",\"@graph\":[{\"@type\":\"WebPage\",\"@id\":\"https:\/\/laundryxpresss.it\/fidelity-card\/\",\"url\":\"https:\/\/laundryxpresss.it\/fidelity-card\/\",\"name\":\"Fidelity Card - Laundry Xpress\",\"isPartOf\":{\"@id\":\"https:\/\/laundryxpresss.it\/#website\"},\"datePublished\":\"2026-02-23T10:24:43+00:00\",\"dateModified\":\"2026-02-23T13:49:17+00:00\",\"breadcrumb\":{\"@id\":\"https:\/\/laundryxpresss.it\/fidelity-card\/#breadcrumb\"},\"inLanguage\":\"de\",\"potentialAction\":[{\"@type\":\"ReadAction\",\"target\":[\"https:\/\/laundryxpresss.it\/fidelity-card\/\"]}]},{\"@type\":\"BreadcrumbList\",\"@id\":\"https:\/\/laundryxpresss.it\/fidelity-card\/#breadcrumb\",\"itemListElement\":[{\"@type\":\"ListItem\",\"position\":1,\"name\":\"Home\",\"item\":\"https:\/\/laundryxpresss.it\/\"},{\"@type\":\"ListItem\",\"position\":2,\"name\":\"Fidelity Card\"}]},{\"@type\":\"WebSite\",\"@id\":\"https:\/\/laundryxpresss.it\/#website\",\"url\":\"https:\/\/laundryxpresss.it\/\",\"name\":\"Laundry Xpress\",\"description\":\"\",\"publisher\":{\"@id\":\"https:\/\/laundryxpresss.it\/#organization\"},\"potentialAction\":[{\"@type\":\"SearchAction\",\"target\":{\"@type\":\"EntryPoint\",\"urlTemplate\":\"https:\/\/laundryxpresss.it\/?s={search_term_string}\"},\"query-input\":{\"@type\":\"PropertyValueSpecification\",\"valueRequired\":true,\"valueName\":\"search_term_string\"}}],\"inLanguage\":\"de\"},{\"@type\":\"Organization\",\"@id\":\"https:\/\/laundryxpresss.it\/#organization\",\"name\":\"Laundry Xpress\",\"url\":\"https:\/\/laundryxpresss.it\/\",\"logo\":{\"@type\":\"ImageObject\",\"inLanguage\":\"de\",\"@id\":\"https:\/\/laundryxpresss.it\/#\/schema\/logo\/image\/\",\"url\":\"https:\/\/laundryxpresss.it\/wp-content\/uploads\/2023\/11\/Long-Logo-NO-BG.png\",\"contentUrl\":\"https:\/\/laundryxpresss.it\/wp-content\/uploads\/2023\/11\/Long-Logo-NO-BG.png\",\"width\":487,\"height\":61,\"caption\":\"Laundry Xpress\"},\"image\":{\"@id\":\"https:\/\/laundryxpresss.it\/#\/schema\/logo\/image\/\"}}]}<\/script>\n<!-- \/ Yoast SEO plugin. -->","yoast_head_json":{"title":"Fidelity Card - Laundry Xpress","robots":{"index":"index","follow":"follow","max-snippet":"max-snippet:-1","max-image-preview":"max-image-preview:large","max-video-preview":"max-video-preview:-1"},"canonical":"https:\/\/laundryxpresss.it\/de\/fidelity-card\/","og_locale":"de_DE","og_type":"article","og_title":"Fidelity Card - Laundry Xpress","og_description":"Vantaggi Esclusivi LA TUA FIDELITY CARD Risparmia fino al 15% su ogni ciclo di lavaggio e asciugatura. La card ha un costo di soli 10\u20ac e include gi\u00e0 5\u20ac di credito di benvenuto da utilizzare subito. \u00c8 la soluzione perfetta per residenti, studenti e viaggiatori abituali a Siracusa. Scopri come ottenerla Come funziona? 1 Richiedila [&hellip;]","og_url":"https:\/\/laundryxpresss.it\/de\/fidelity-card\/","og_site_name":"Laundry Xpress","article_modified_time":"2026-02-23T13:49:17+00:00","twitter_card":"summary_large_image","twitter_misc":{"Gesch\u00e4tzte Lesezeit":"2\u00a0Minuten"},"schema":{"@context":"https:\/\/schema.org","@graph":[{"@type":"WebPage","@id":"https:\/\/laundryxpresss.it\/fidelity-card\/","url":"https:\/\/laundryxpresss.it\/fidelity-card\/","name":"Fidelity Card - Laundry Xpress","isPartOf":{"@id":"https:\/\/laundryxpresss.it\/#website"},"datePublished":"2026-02-23T10:24:43+00:00","dateModified":"2026-02-23T13:49:17+00:00","breadcrumb":{"@id":"https:\/\/laundryxpresss.it\/fidelity-card\/#breadcrumb"},"inLanguage":"de","potentialAction":[{"@type":"ReadAction","target":["https:\/\/laundryxpresss.it\/fidelity-card\/"]}]},{"@type":"BreadcrumbList","@id":"https:\/\/laundryxpresss.it\/fidelity-card\/#breadcrumb","itemListElement":[{"@type":"ListItem","position":1,"name":"Home","item":"https:\/\/laundryxpresss.it\/"},{"@type":"ListItem","position":2,"name":"Fidelity Card"}]},{"@type":"WebSite","@id":"https:\/\/laundryxpresss.it\/#website","url":"https:\/\/laundryxpresss.it\/","name":"Xpress Laundry","description":"","publisher":{"@id":"https:\/\/laundryxpresss.it\/#organization"},"potentialAction":[{"@type":"SearchAction","target":{"@type":"EntryPoint","urlTemplate":"https:\/\/laundryxpresss.it\/?s={search_term_string}"},"query-input":{"@type":"PropertyValueSpecification","valueRequired":true,"valueName":"search_term_string"}}],"inLanguage":"de"},{"@type":"Organization","@id":"https:\/\/laundryxpresss.it\/#organization","name":"Xpress Laundry","url":"https:\/\/laundryxpresss.it\/","logo":{"@type":"ImageObject","inLanguage":"de","@id":"https:\/\/laundryxpresss.it\/#\/schema\/logo\/image\/","url":"https:\/\/laundryxpresss.it\/wp-content\/uploads\/2023\/11\/Long-Logo-NO-BG.png","contentUrl":"https:\/\/laundryxpresss.it\/wp-content\/uploads\/2023\/11\/Long-Logo-NO-BG.png","width":487,"height":61,"caption":"Laundry Xpress"},"image":{"@id":"https:\/\/laundryxpresss.it\/#\/schema\/logo\/image\/"}}]}},"_links":{"self":[{"href":"https:\/\/laundryxpresss.it\/de\/wp-json\/wp\/v2\/pages\/944","targetHints":{"allow":["GET"]}}],"collection":[{"href":"https:\/\/laundryxpresss.it\/de\/wp-json\/wp\/v2\/pages"}],"about":[{"href":"https:\/\/laundryxpresss.it\/de\/wp-json\/wp\/v2\/types\/page"}],"author":[{"embeddable":true,"href":"https:\/\/laundryxpresss.it\/de\/wp-json\/wp\/v2\/users\/2"}],"replies":[{"embeddable":true,"href":"https:\/\/laundryxpresss.it\/de\/wp-json\/wp\/v2\/comments?post=944"}],"version-history":[{"count":0,"href":"https:\/\/laundryxpresss.it\/de\/wp-json\/wp\/v2\/pages\/944\/revisions"}],"wp:attachment":[{"href":"https:\/\/laundryxpresss.it\/de\/wp-json\/wp\/v2\/media?parent=944"}],"curies":[{"name":"wp","href":"https:\/\/api.w.org\/{rel}","templated":true}]}}