{"id":284,"date":"2023-11-25T20:01:38","date_gmt":"2023-11-25T20:01:38","guid":{"rendered":"https:\/\/laundryxpresss.it\/?page_id=284"},"modified":"2026-02-23T13:47:33","modified_gmt":"2026-02-23T13:47:33","slug":"ritiro-e-consegna","status":"publish","type":"page","link":"https:\/\/laundryxpresss.it\/de\/ritiro-e-consegna\/","title":{"rendered":"Lieferung und abholung"},"content":{"rendered":"<div data-elementor-type=\"wp-page\" data-elementor-id=\"284\" class=\"elementor elementor-284\">\n\t\t\t\t<div class=\"elementor-element elementor-element-a72f082 e-con-full e-flex e-con e-parent\" data-id=\"a72f082\" data-element_type=\"container\" data-e-type=\"container\">\n\t\t\t\t<div class=\"elementor-element elementor-element-4b5c46a elementor-widget elementor-widget-html\" data-id=\"4b5c46a\" data-element_type=\"widget\" data-e-type=\"widget\" data-widget_type=\"html.default\">\n\t\t\t\t<div class=\"elementor-widget-container\">\n\t\t\t\t\t<section class=\"lx-delivery-page\">\r\n    <div class=\"lx-container\">\r\n        \r\n        <div class=\"lx-delivery-hero\">\r\n            \r\n            <div class=\"lx-delivery-text\">\r\n                <div class=\"lx-badge\">Haus-service<\/div>\r\n                <h1 class=\"lx-title-main\">ABHOLUNG UND <span class=\"lx-highlight\">LIEFERUNG<\/span><\/h1>\r\n                <p class=\"lx-subtitle-main\">\r\n                    Ihre w\u00e4sche sauber, duftend und gebogen, direkt zu hause oder in ihrem B&amp;B Ortigia. Nichts w\u00e4geergebnisse durchgehend kompliziert: <strong>f\u00fcllen sie eine klassische shopping-bag steif<\/strong> und \u00fcberlassen sie uns den rest. R\u00fcckgabe garantiert <strong>innerhalb von 24 stunden<\/strong>.\r\n                <\/p>\r\n                \r\n                <div class=\"lx-delivery-actions\">\r\n                    <a href=\"https:\/\/wa.me\/393298051549\" target=\"_blank\" class=\"lx-btn-whatsapp-large\">\r\n                        <svg viewbox=\"0 0 24 24\" fill=\"none\" stroke=\"currentColor\" stroke-width=\"2.5\"><path d=\"M21 11.5a8.38 8.38 0 0 1-.9 3.8 8.5 8.5 0 0 1-7.6 4.7 8.38 8.38 0 0 1-3.8-.9L3 21l1.9-5.7a8.38 8.38 0 0 1-.9-3.8 8.5 8.5 0 0 1 4.7-7.6 8.38 8.38 0 0 1 3.8-.9h.5a8.48 8.48 0 0 1 8 8v.5z\"><\/path><\/svg>\r\n                        Buchen R\u00fcckzug auf WhatsApp\r\n                    <\/a>\r\n                <\/div>\r\n            <\/div>\r\n\r\n            <div class=\"lx-delivery-pricing\">\r\n                <div class=\"lx-price-glass-card\">\r\n                    <div class=\"lx-price-header\">Flatrate<\/div>\r\n                    <div class=\"lx-price-amount\">25\u20ac<\/div>\r\n                    <div class=\"lx-price-unit\">umschlag der ausgaben<\/div>\r\n                    \r\n                    <ul class=\"lx-price-includes\">\r\n                        <li>\r\n                            <svg viewbox=\"0 0 24 24\" fill=\"none\" stroke=\"currentColor\" stroke-width=\"3\"><polyline points=\"20 6 9 17 4 12\"><\/polyline><\/svg>\r\n                            Chemische Premium und Trocknen\r\n                        <\/li>\r\n                        <li>\r\n                            <svg viewbox=\"0 0 24 24\" fill=\"none\" stroke=\"currentColor\" stroke-width=\"3\"><polyline points=\"20 6 9 17 4 12\"><\/polyline><\/svg>\r\n                            R\u00fcckgabe gefaltet mit pflege\r\n                        <\/li>\r\n                        <li>\r\n                            <svg viewbox=\"0 0 24 24\" fill=\"none\" stroke=\"currentColor\" stroke-width=\"3\"><polyline points=\"20 6 9 17 4 12\"><\/polyline><\/svg>\r\n                            Abholung\/Zustellung in Ortigia\r\n                        <\/li>\r\n                        <li>\r\n                            <svg viewbox=\"0 0 24 24\" fill=\"none\" stroke=\"currentColor\" stroke-width=\"3\"><circle cx=\"12\" cy=\"12\" r=\"10\"><\/circle><polyline points=\"12 6 12 12 16 14\"><\/polyline><\/svg>\r\n                            <strong>Bereit, innerhalb von 24 Stunden<\/strong>\r\n                        <\/li>\r\n                    <\/ul>\r\n                <\/div>\r\n            <\/div>\r\n\r\n        <\/div>\r\n\r\n        <div class=\"lx-delivery-steps-wrapper\">\r\n            <h2 class=\"lx-section-title-center\">Wie <span class=\"lx-highlight\">funktioniert das?<\/span><\/h2>\r\n            \r\n            <div class=\"lx-steps-grid\">\r\n                \r\n                <div class=\"lx-step-card\">\r\n                    <div class=\"lx-step-icon\">\r\n                        <svg viewbox=\"0 0 24 24\" fill=\"none\" stroke=\"currentColor\" stroke-width=\"2\"><path d=\"M6 2L3 6v14a2 2 0 0 0 2 2h14a2 2 0 0 0 2-2V6l-3-4z\"><\/path><line x1=\"3\" y1=\"6\" x2=\"21\" y2=\"6\"><\/line><path d=\"M16 10a4 4 0 0 1-8 0\"><\/path><\/svg>\r\n                    <\/div>\r\n                    <h3>1. F\u00fcllen sie den Umschlag<\/h3>\r\n                    <p>Holen sie sich einen klassischen umschlag ausgaben steif und f\u00fcllen sie sie. Alles was kommt (ohne dass die n\u00e4hte) enthalten ist 25\u20ac.<\/p>\r\n                <\/div>\r\n\r\n                <div class=\"lx-step-card\">\r\n                    <div class=\"lx-step-icon\">\r\n                        <svg viewbox=\"0 0 24 24\" fill=\"none\" stroke=\"currentColor\" stroke-width=\"2\"><rect x=\"1\" y=\"3\" width=\"15\" height=\"13\"><\/rect><polygon points=\"16 8 20 8 23 11 23 16 16 16 16 8\"><\/polygon><circle cx=\"5.5\" cy=\"18.5\" r=\"2.5\"><\/circle><circle cx=\"18.5\" cy=\"18.5\" r=\"2.5\"><\/circle><\/svg>\r\n                    <\/div>\r\n                    <h3>2. Wir Kommen Zu Uns<\/h3>\r\n                    <p>Schreiben Sie uns auf WhatsApp. Ein Mitarbeiter wird Ihre W\u00e4sche direkt an Ihrer Adresse in Ortigia abholen.<\/p>\r\n                <\/div>\r\n\r\n                <div class=\"lx-step-card\">\r\n                    <div class=\"lx-step-icon\">\r\n                        <svg viewbox=\"0 0 24 24\" fill=\"none\" stroke=\"currentColor\" stroke-width=\"2\"><path d=\"M22 11.08V12a10 10 0 1 1-5.93-9.14\"><\/path><polyline points=\"22 4 12 14.01 9 11.01\"><\/polyline><\/svg>\r\n                    <\/div>\r\n                    <h3>3. Bereit in 24 stunden<\/h3>\r\n                    <p>Wir waschen, asciughiamo und falten sie sorgf\u00e4ltig jedes teil. Sie bringen sie duftend und bereit zu bedienen <strong>innerhalb von nur 24 stunden<\/strong> von der abholung.<\/p>\r\n                <\/div>\r\n\r\n            <\/div>\r\n        <\/div>\r\n\r\n    <\/div>\r\n<\/section>\t\t\t\t<\/div>\n\t\t\t\t<\/div>\n\t\t\t\t<\/div>\n\t\t\t\t<\/div>","protected":false},"excerpt":{"rendered":"<p>Servizio a Domicilio RITIRO E CONSEGNA Il tuo bucato pulito, profumato e piegato, direttamente a casa tua o nel tuo B&#038;B a Ortigia. Niente pesature complicate: riempi una classica busta della spesa rigida e al resto pensiamo noi. Riconsegna garantita entro 24 ore. Prenota Ritiro su WhatsApp Tariffa Flat 25\u20ac a busta della spesa Lavaggio [&hellip;]<\/p>","protected":false},"author":2,"featured_media":0,"parent":0,"menu_order":0,"comment_status":"closed","ping_status":"closed","template":"","meta":{"two_page_speed":[],"footnotes":""},"class_list":["post-284","page","type-page","status-publish","hentry"],"yoast_head":"<!-- This site is optimized with the Yoast SEO plugin v26.9 - https:\/\/yoast.com\/product\/yoast-seo-wordpress\/ -->\n<title>Ritiro e Consegna - Laundry Xpress<\/title>\n<meta name=\"description\" content=\"Assistenza e piegatura impeccabili per soluzioni lavanderia affidabili e dettagliate. La cura dei tuoi capi \u00e8 la nostra priorit\u00e0.\" \/>\n<meta name=\"robots\" content=\"index, follow, max-snippet:-1, max-image-preview:large, max-video-preview:-1\" \/>\n<link rel=\"canonical\" href=\"https:\/\/laundryxpresss.it\/de\/ritiro-e-consegna\/\" \/>\n<meta property=\"og:locale\" content=\"de_DE\" \/>\n<meta property=\"og:type\" content=\"article\" \/>\n<meta property=\"og:title\" content=\"Ritiro e Consegna - Laundry Xpress\" \/>\n<meta property=\"og:description\" content=\"Assistenza e piegatura impeccabili per soluzioni lavanderia affidabili e dettagliate. La cura dei tuoi capi \u00e8 la nostra priorit\u00e0.\" \/>\n<meta property=\"og:url\" content=\"https:\/\/laundryxpresss.it\/de\/ritiro-e-consegna\/\" \/>\n<meta property=\"og:site_name\" content=\"Laundry Xpress\" \/>\n<meta property=\"article:modified_time\" content=\"2026-02-23T13:47:33+00:00\" \/>\n<meta name=\"twitter:card\" content=\"summary_large_image\" \/>\n<meta name=\"twitter:label1\" content=\"Gesch\u00e4tzte Lesezeit\" \/>\n\t<meta name=\"twitter:data1\" content=\"2\u00a0Minuten\" \/>\n<script type=\"application\/ld+json\" class=\"yoast-schema-graph\">{\"@context\":\"https:\/\/schema.org\",\"@graph\":[{\"@type\":\"WebPage\",\"@id\":\"https:\/\/laundryxpresss.it\/ritiro-e-consegna\/\",\"url\":\"https:\/\/laundryxpresss.it\/ritiro-e-consegna\/\",\"name\":\"Ritiro e Consegna - Laundry Xpress\",\"isPartOf\":{\"@id\":\"https:\/\/laundryxpresss.it\/#website\"},\"datePublished\":\"2023-11-25T20:01:38+00:00\",\"dateModified\":\"2026-02-23T13:47:33+00:00\",\"description\":\"Assistenza e piegatura impeccabili per soluzioni lavanderia affidabili e dettagliate. La cura dei tuoi capi \u00e8 la nostra priorit\u00e0.\",\"breadcrumb\":{\"@id\":\"https:\/\/laundryxpresss.it\/ritiro-e-consegna\/#breadcrumb\"},\"inLanguage\":\"de\",\"potentialAction\":[{\"@type\":\"ReadAction\",\"target\":[\"https:\/\/laundryxpresss.it\/ritiro-e-consegna\/\"]}]},{\"@type\":\"BreadcrumbList\",\"@id\":\"https:\/\/laundryxpresss.it\/ritiro-e-consegna\/#breadcrumb\",\"itemListElement\":[{\"@type\":\"ListItem\",\"position\":1,\"name\":\"Home\",\"item\":\"https:\/\/laundryxpresss.it\/\"},{\"@type\":\"ListItem\",\"position\":2,\"name\":\"Ritiro e Consegna\"}]},{\"@type\":\"WebSite\",\"@id\":\"https:\/\/laundryxpresss.it\/#website\",\"url\":\"https:\/\/laundryxpresss.it\/\",\"name\":\"Laundry Xpress\",\"description\":\"\",\"publisher\":{\"@id\":\"https:\/\/laundryxpresss.it\/#organization\"},\"potentialAction\":[{\"@type\":\"SearchAction\",\"target\":{\"@type\":\"EntryPoint\",\"urlTemplate\":\"https:\/\/laundryxpresss.it\/?s={search_term_string}\"},\"query-input\":{\"@type\":\"PropertyValueSpecification\",\"valueRequired\":true,\"valueName\":\"search_term_string\"}}],\"inLanguage\":\"de\"},{\"@type\":\"Organization\",\"@id\":\"https:\/\/laundryxpresss.it\/#organization\",\"name\":\"Laundry Xpress\",\"url\":\"https:\/\/laundryxpresss.it\/\",\"logo\":{\"@type\":\"ImageObject\",\"inLanguage\":\"de\",\"@id\":\"https:\/\/laundryxpresss.it\/#\/schema\/logo\/image\/\",\"url\":\"https:\/\/laundryxpresss.it\/wp-content\/uploads\/2023\/11\/Long-Logo-NO-BG.png\",\"contentUrl\":\"https:\/\/laundryxpresss.it\/wp-content\/uploads\/2023\/11\/Long-Logo-NO-BG.png\",\"width\":487,\"height\":61,\"caption\":\"Laundry Xpress\"},\"image\":{\"@id\":\"https:\/\/laundryxpresss.it\/#\/schema\/logo\/image\/\"}}]}<\/script>\n<!-- \/ Yoast SEO plugin. -->","yoast_head_json":{"title":"Abholung und Lieferung - Laundry Xpress","description":"Service und biegen einwandfreie l\u00f6sungen w\u00e4scheservice zuverl\u00e4ssige und detaillierte. Die pflege ihrer kleidungsst\u00fccke ist unsere priorit\u00e4t.","robots":{"index":"index","follow":"follow","max-snippet":"max-snippet:-1","max-image-preview":"max-image-preview:large","max-video-preview":"max-video-preview:-1"},"canonical":"https:\/\/laundryxpresss.it\/de\/ritiro-e-consegna\/","og_locale":"de_DE","og_type":"article","og_title":"Ritiro e Consegna - Laundry Xpress","og_description":"Assistenza e piegatura impeccabili per soluzioni lavanderia affidabili e dettagliate. La cura dei tuoi capi \u00e8 la nostra priorit\u00e0.","og_url":"https:\/\/laundryxpresss.it\/de\/ritiro-e-consegna\/","og_site_name":"Laundry Xpress","article_modified_time":"2026-02-23T13:47:33+00:00","twitter_card":"summary_large_image","twitter_misc":{"Gesch\u00e4tzte Lesezeit":"2\u00a0Minuten"},"schema":{"@context":"https:\/\/schema.org","@graph":[{"@type":"WebPage","@id":"https:\/\/laundryxpresss.it\/ritiro-e-consegna\/","url":"https:\/\/laundryxpresss.it\/ritiro-e-consegna\/","name":"Abholung und Lieferung - Laundry Xpress","isPartOf":{"@id":"https:\/\/laundryxpresss.it\/#website"},"datePublished":"2023-11-25T20:01:38+00:00","dateModified":"2026-02-23T13:47:33+00:00","description":"Service und biegen einwandfreie l\u00f6sungen w\u00e4scheservice zuverl\u00e4ssige und detaillierte. Die pflege ihrer kleidungsst\u00fccke ist unsere priorit\u00e4t.","breadcrumb":{"@id":"https:\/\/laundryxpresss.it\/ritiro-e-consegna\/#breadcrumb"},"inLanguage":"de","potentialAction":[{"@type":"ReadAction","target":["https:\/\/laundryxpresss.it\/ritiro-e-consegna\/"]}]},{"@type":"BreadcrumbList","@id":"https:\/\/laundryxpresss.it\/ritiro-e-consegna\/#breadcrumb","itemListElement":[{"@type":"ListItem","position":1,"name":"Home","item":"https:\/\/laundryxpresss.it\/"},{"@type":"ListItem","position":2,"name":"Ritiro e Consegna"}]},{"@type":"WebSite","@id":"https:\/\/laundryxpresss.it\/#website","url":"https:\/\/laundryxpresss.it\/","name":"Xpress Laundry","description":"","publisher":{"@id":"https:\/\/laundryxpresss.it\/#organization"},"potentialAction":[{"@type":"SearchAction","target":{"@type":"EntryPoint","urlTemplate":"https:\/\/laundryxpresss.it\/?s={search_term_string}"},"query-input":{"@type":"PropertyValueSpecification","valueRequired":true,"valueName":"search_term_string"}}],"inLanguage":"de"},{"@type":"Organization","@id":"https:\/\/laundryxpresss.it\/#organization","name":"Xpress Laundry","url":"https:\/\/laundryxpresss.it\/","logo":{"@type":"ImageObject","inLanguage":"de","@id":"https:\/\/laundryxpresss.it\/#\/schema\/logo\/image\/","url":"https:\/\/laundryxpresss.it\/wp-content\/uploads\/2023\/11\/Long-Logo-NO-BG.png","contentUrl":"https:\/\/laundryxpresss.it\/wp-content\/uploads\/2023\/11\/Long-Logo-NO-BG.png","width":487,"height":61,"caption":"Laundry Xpress"},"image":{"@id":"https:\/\/laundryxpresss.it\/#\/schema\/logo\/image\/"}}]}},"_links":{"self":[{"href":"https:\/\/laundryxpresss.it\/de\/wp-json\/wp\/v2\/pages\/284","targetHints":{"allow":["GET"]}}],"collection":[{"href":"https:\/\/laundryxpresss.it\/de\/wp-json\/wp\/v2\/pages"}],"about":[{"href":"https:\/\/laundryxpresss.it\/de\/wp-json\/wp\/v2\/types\/page"}],"author":[{"embeddable":true,"href":"https:\/\/laundryxpresss.it\/de\/wp-json\/wp\/v2\/users\/2"}],"replies":[{"embeddable":true,"href":"https:\/\/laundryxpresss.it\/de\/wp-json\/wp\/v2\/comments?post=284"}],"version-history":[{"count":0,"href":"https:\/\/laundryxpresss.it\/de\/wp-json\/wp\/v2\/pages\/284\/revisions"}],"wp:attachment":[{"href":"https:\/\/laundryxpresss.it\/de\/wp-json\/wp\/v2\/media?parent=284"}],"curies":[{"name":"wp","href":"https:\/\/api.w.org\/{rel}","templated":true}]}}