{"id":1154,"date":"2026-02-23T13:50:22","date_gmt":"2026-02-23T13:50:22","guid":{"rendered":"https:\/\/laundryxpresss.it\/?page_id=1154"},"modified":"2026-02-23T14:15:34","modified_gmt":"2026-02-23T14:15:34","slug":"faq","status":"publish","type":"page","link":"https:\/\/laundryxpresss.it\/de\/faq\/","title":{"rendered":"FAQ (h\u00e4ufig Gestellte Fragen)"},"content":{"rendered":"<div data-elementor-type=\"wp-page\" data-elementor-id=\"1154\" class=\"elementor elementor-1154\">\n\t\t\t\t<div class=\"elementor-element elementor-element-667a4a9 e-con-full e-flex e-con e-parent\" data-id=\"667a4a9\" data-element_type=\"container\" data-e-type=\"container\">\n\t\t\t\t<div class=\"elementor-element elementor-element-495a5e4 elementor-widget elementor-widget-html\" data-id=\"495a5e4\" data-element_type=\"widget\" data-e-type=\"widget\" data-widget_type=\"html.default\">\n\t\t\t\t<div class=\"elementor-widget-container\">\n\t\t\t\t\t<section class=\"lx-faq-page\">\r\n    <div class=\"lx-container\">\r\n        \r\n        <div class=\"lx-faq-split-grid\">\r\n            \r\n            <div class=\"lx-faq-title-area\">\r\n                <div class=\"lx-badge\">Hilfe<\/div>\r\n                <h1 class=\"lx-title-main\">FRAGEN <span class=\"lx-highlight\">H\u00c4UFIG<\/span><\/h1>\r\n                <p class=\"lx-subtitle-main\">Alles, was sie wissen m\u00fcssen \u00fcber Xpress Laundry. Finden sie jetzt die antwort auf deine fragen lesen sie hier, neben.<\/p>\r\n            <\/div>\r\n\r\n            <div class=\"lx-faq-accordion-area\">\r\n                <div class=\"lx-faq-accordion\">\r\n                    \r\n                    <div class=\"lx-faq-item\">\r\n                        <button class=\"lx-faq-question\">\r\n                            <span>Ich bringe das waschmittel oder weichsp\u00fcler von zu hause aus?<\/span>\r\n                            <svg viewbox=\"0 0 24 24\" fill=\"none\" stroke=\"currentColor\" stroke-width=\"2\"><line x1=\"12\" y1=\"5\" x2=\"12\" y2=\"19\"><\/line><line x1=\"5\" y1=\"12\" x2=\"19\" y2=\"12\"><\/line><\/svg>\r\n                        <\/button>\r\n                        <div class=\"lx-faq-answer\">\r\n                            <p>Nein, absolut nicht! Unsere maschinen liefern und dosieren automatisch waschmittel, weichsp\u00fcler und desinfektionsmittel (alles im preis enthalten). Sie m\u00fcssen nur legen sie die w\u00e4sche.<\/p>\r\n                        <\/div>\r\n                    <\/div>\r\n\r\n                    <div class=\"lx-faq-item\">\r\n                        <button class=\"lx-faq-question\">\r\n                            <span>Wie lange dauert ein zyklus von waschen und trocknen?<\/span>\r\n                            <svg viewbox=\"0 0 24 24\" fill=\"none\" stroke=\"currentColor\" stroke-width=\"2\"><line x1=\"12\" y1=\"5\" x2=\"12\" y2=\"19\"><\/line><line x1=\"5\" y1=\"12\" x2=\"19\" y2=\"12\"><\/line><\/svg>\r\n                        <\/button>\r\n                        <div class=\"lx-faq-answer\">\r\n                            <p>In media, um ihre w\u00e4sche perfekt gewaschen und getrocknet werden, dauert es etwa 65 minuten. Die umgebung ist ausgestattet mit Wi-Fi und gro\u00dfe tische zu warten, und falten sie ihre kleidungsst\u00fccke in die totale entspannung.<\/p>\r\n                        <\/div>\r\n                    <\/div>\r\n\r\n                    <div class=\"lx-faq-item\">\r\n                        <button class=\"lx-faq-question\">\r\n                            <span>Wie funktioniert der service Abholung und Lieferung?<\/span>\r\n                            <svg viewbox=\"0 0 24 24\" fill=\"none\" stroke=\"currentColor\" stroke-width=\"2\"><line x1=\"12\" y1=\"5\" x2=\"12\" y2=\"19\"><\/line><line x1=\"5\" y1=\"12\" x2=\"19\" y2=\"12\"><\/line><\/svg>\r\n                        <\/button>\r\n                        <div class=\"lx-faq-answer\">\r\n                            <p>Es ist leicht und hat eine feste geb\u00fchr von 25\u20ac. Holen sie sich einen klassischen umschlag ausgaben steif, f\u00fcllen sie sie mit ihren chefs, und schreiben sie uns auf WhatsApp. Wir nehmen in Ortigia und dir das wir bereit, innerhalb von 24 stunden.<\/p>\r\n                        <\/div>\r\n                    <\/div>\r\n\r\n                    <div class=\"lx-faq-item\">\r\n                        <button class=\"lx-faq-question\">\r\n                            <span>Tun, die Fidelity Card?<\/span>\r\n                            <svg viewbox=\"0 0 24 24\" fill=\"none\" stroke=\"currentColor\" stroke-width=\"2\"><line x1=\"12\" y1=\"5\" x2=\"12\" y2=\"19\"><\/line><line x1=\"5\" y1=\"12\" x2=\"19\" y2=\"12\"><\/line><\/svg>\r\n                        <\/button>\r\n                        <div class=\"lx-faq-answer\">\r\n                            <p>Ja, wenn sie ihren wohnsitz oder bleibst du in Syrakus f\u00fcr eine weile. Die karte hat eine geb\u00fchr von 10\u20ac, enth\u00e4lt aber bereits f\u00fcr 5, - \u20ac kredit vorinstalliert. Damit, sie haben einen rabatt bis zu 15% auf alle zyklen.<\/p>\r\n                        <\/div>\r\n                    <\/div>\r\n\r\n                    <div class=\"lx-faq-item\">\r\n                        <button class=\"lx-faq-question\">\r\n                            <span>Welche zahlungsmethoden akzeptieren sie in der shop?<\/span>\r\n                            <svg viewbox=\"0 0 24 24\" fill=\"none\" stroke=\"currentColor\" stroke-width=\"2\"><line x1=\"12\" y1=\"5\" x2=\"12\" y2=\"19\"><\/line><line x1=\"5\" y1=\"12\" x2=\"19\" y2=\"12\"><\/line><\/svg>\r\n                        <\/button>\r\n                        <div class=\"lx-faq-answer\">\r\n                            <p>Unsere zentrale kasse akzeptiert bargeld (m\u00fcnzen und banknoten), kredit - \/debitkarten, geldautomaten und nat\u00fcrlich unsere Fidelity Card prepaid.<\/p>\r\n                        <\/div>\r\n                    <\/div>\r\n\r\n                <\/div>\r\n            <\/div>\r\n\r\n            <div class=\"lx-faq-cta-area\">\r\n                <div class=\"lx-faq-inline-cta\">\r\n                    <h3>Keine antwort gefunden hast?<\/h3>\r\n                    <p>Schreiben sie uns direkt f\u00fcr einen schnellen support.<\/p>\r\n                    <a href=\"https:\/\/wa.me\/393298051549\" class=\"lx-btn-whatsapp\">\r\n                        <svg viewbox=\"0 0 24 24\" fill=\"none\" stroke=\"currentColor\" stroke-width=\"2.5\"><path d=\"M21 11.5a8.38 8.38 0 0 1-.9 3.8 8.5 8.5 0 0 1-7.6 4.7 8.38 8.38 0 0 1-3.8-.9L3 21l1.9-5.7a8.38 8.38 0 0 1-.9-3.8 8.5 8.5 0 0 1 4.7-7.6 8.38 8.38 0 0 1 3.8-.9h.5a8.48 8.48 0 0 1 8 8v.5z\"><\/path><\/svg>\r\n                        Unterst\u00fctzung WhatsApp\r\n                    <\/a>\r\n                <\/div>\r\n            <\/div>\r\n\r\n        <\/div>\r\n    <\/div>\r\n<\/section>\r\n\r\n<script id=\"lx-faq-script\" data-no-optimize=\"1\">\r\ndocument.addEventListener('DOMContentLoaded', function() {\r\n    const faqItems = document.querySelectorAll('.lx-faq-item');\r\n    faqItems.forEach(item => {\r\n        const questionBtn = item.querySelector('.lx-faq-question');\r\n        questionBtn.addEventListener('click', () => {\r\n            const isActive = item.classList.contains('active');\r\n            faqItems.forEach(otherItem => {\r\n                otherItem.classList.remove('active');\r\n                otherItem.querySelector('.lx-faq-answer').style.maxHeight = null;\r\n            });\r\n            if (!isActive) {\r\n                item.classList.add('active');\r\n                const answer = item.querySelector('.lx-faq-answer');\r\n                answer.style.maxHeight = answer.scrollHeight + \"px\";\r\n            }\r\n        });\r\n    });\r\n});\r\n<\/script>\t\t\t\t<\/div>\n\t\t\t\t<\/div>\n\t\t\t\t<\/div>\n\t\t\t\t<\/div>","protected":false},"excerpt":{"rendered":"<p>Assistenza DOMANDE FREQUENTI Tutto quello che devi sapere su Laundry Xpress. Trova subito la risposta ai tuoi dubbi leggendo qui accanto. Devo portare il detersivo o l&#8217;ammorbidente da casa? Assolutamente no! Le nostre macchine erogano e dosano automaticamente detersivo, ammorbidente e disinfettante (tutto incluso nel prezzo). Tu devi solo inserire il bucato. Quanto dura un [&hellip;]<\/p>","protected":false},"author":2,"featured_media":0,"parent":0,"menu_order":0,"comment_status":"closed","ping_status":"closed","template":"","meta":{"two_page_speed":[],"footnotes":""},"class_list":["post-1154","page","type-page","status-publish","hentry"],"yoast_head":"<!-- This site is optimized with the Yoast SEO plugin v26.9 - https:\/\/yoast.com\/product\/yoast-seo-wordpress\/ -->\n<title>FAQ (Domande Frequenti) - Laundry Xpress<\/title>\n<meta name=\"robots\" content=\"index, follow, max-snippet:-1, max-image-preview:large, max-video-preview:-1\" \/>\n<link rel=\"canonical\" href=\"https:\/\/laundryxpresss.it\/de\/faq\/\" \/>\n<meta property=\"og:locale\" content=\"de_DE\" \/>\n<meta property=\"og:type\" content=\"article\" \/>\n<meta property=\"og:title\" content=\"FAQ (Domande Frequenti) - Laundry Xpress\" \/>\n<meta property=\"og:description\" content=\"Assistenza DOMANDE FREQUENTI Tutto quello che devi sapere su Laundry Xpress. Trova subito la risposta ai tuoi dubbi leggendo qui accanto. Devo portare il detersivo o l&#8217;ammorbidente da casa? Assolutamente no! Le nostre macchine erogano e dosano automaticamente detersivo, ammorbidente e disinfettante (tutto incluso nel prezzo). Tu devi solo inserire il bucato. Quanto dura un [&hellip;]\" \/>\n<meta property=\"og:url\" content=\"https:\/\/laundryxpresss.it\/de\/faq\/\" \/>\n<meta property=\"og:site_name\" content=\"Laundry Xpress\" \/>\n<meta property=\"article:modified_time\" content=\"2026-02-23T14:15:34+00:00\" \/>\n<meta name=\"twitter:card\" content=\"summary_large_image\" \/>\n<meta name=\"twitter:label1\" content=\"Gesch\u00e4tzte Lesezeit\" \/>\n\t<meta name=\"twitter:data1\" content=\"1\u00a0Minute\" \/>\n<script type=\"application\/ld+json\" class=\"yoast-schema-graph\">{\"@context\":\"https:\/\/schema.org\",\"@graph\":[{\"@type\":\"WebPage\",\"@id\":\"https:\/\/laundryxpresss.it\/faq\/\",\"url\":\"https:\/\/laundryxpresss.it\/faq\/\",\"name\":\"FAQ (Domande Frequenti) - Laundry Xpress\",\"isPartOf\":{\"@id\":\"https:\/\/laundryxpresss.it\/#website\"},\"datePublished\":\"2026-02-23T13:50:22+00:00\",\"dateModified\":\"2026-02-23T14:15:34+00:00\",\"breadcrumb\":{\"@id\":\"https:\/\/laundryxpresss.it\/faq\/#breadcrumb\"},\"inLanguage\":\"de\",\"potentialAction\":[{\"@type\":\"ReadAction\",\"target\":[\"https:\/\/laundryxpresss.it\/faq\/\"]}]},{\"@type\":\"BreadcrumbList\",\"@id\":\"https:\/\/laundryxpresss.it\/faq\/#breadcrumb\",\"itemListElement\":[{\"@type\":\"ListItem\",\"position\":1,\"name\":\"Home\",\"item\":\"https:\/\/laundryxpresss.it\/\"},{\"@type\":\"ListItem\",\"position\":2,\"name\":\"FAQ (Domande Frequenti)\"}]},{\"@type\":\"WebSite\",\"@id\":\"https:\/\/laundryxpresss.it\/#website\",\"url\":\"https:\/\/laundryxpresss.it\/\",\"name\":\"Laundry Xpress\",\"description\":\"\",\"publisher\":{\"@id\":\"https:\/\/laundryxpresss.it\/#organization\"},\"potentialAction\":[{\"@type\":\"SearchAction\",\"target\":{\"@type\":\"EntryPoint\",\"urlTemplate\":\"https:\/\/laundryxpresss.it\/?s={search_term_string}\"},\"query-input\":{\"@type\":\"PropertyValueSpecification\",\"valueRequired\":true,\"valueName\":\"search_term_string\"}}],\"inLanguage\":\"de\"},{\"@type\":\"Organization\",\"@id\":\"https:\/\/laundryxpresss.it\/#organization\",\"name\":\"Laundry Xpress\",\"url\":\"https:\/\/laundryxpresss.it\/\",\"logo\":{\"@type\":\"ImageObject\",\"inLanguage\":\"de\",\"@id\":\"https:\/\/laundryxpresss.it\/#\/schema\/logo\/image\/\",\"url\":\"https:\/\/laundryxpresss.it\/wp-content\/uploads\/2023\/11\/Long-Logo-NO-BG.png\",\"contentUrl\":\"https:\/\/laundryxpresss.it\/wp-content\/uploads\/2023\/11\/Long-Logo-NO-BG.png\",\"width\":487,\"height\":61,\"caption\":\"Laundry Xpress\"},\"image\":{\"@id\":\"https:\/\/laundryxpresss.it\/#\/schema\/logo\/image\/\"}}]}<\/script>\n<!-- \/ Yoast SEO plugin. -->","yoast_head_json":{"title":"FAQ (h\u00e4ufig Gestellte Fragen) - Laundry Xpress","robots":{"index":"index","follow":"follow","max-snippet":"max-snippet:-1","max-image-preview":"max-image-preview:large","max-video-preview":"max-video-preview:-1"},"canonical":"https:\/\/laundryxpresss.it\/de\/faq\/","og_locale":"de_DE","og_type":"article","og_title":"FAQ (Domande Frequenti) - Laundry Xpress","og_description":"Assistenza DOMANDE FREQUENTI Tutto quello che devi sapere su Laundry Xpress. Trova subito la risposta ai tuoi dubbi leggendo qui accanto. Devo portare il detersivo o l&#8217;ammorbidente da casa? Assolutamente no! Le nostre macchine erogano e dosano automaticamente detersivo, ammorbidente e disinfettante (tutto incluso nel prezzo). Tu devi solo inserire il bucato. Quanto dura un [&hellip;]","og_url":"https:\/\/laundryxpresss.it\/de\/faq\/","og_site_name":"Laundry Xpress","article_modified_time":"2026-02-23T14:15:34+00:00","twitter_card":"summary_large_image","twitter_misc":{"Gesch\u00e4tzte Lesezeit":"1\u00a0Minute"},"schema":{"@context":"https:\/\/schema.org","@graph":[{"@type":"WebPage","@id":"https:\/\/laundryxpresss.it\/faq\/","url":"https:\/\/laundryxpresss.it\/faq\/","name":"FAQ (h\u00e4ufig Gestellte Fragen) - Laundry Xpress","isPartOf":{"@id":"https:\/\/laundryxpresss.it\/#website"},"datePublished":"2026-02-23T13:50:22+00:00","dateModified":"2026-02-23T14:15:34+00:00","breadcrumb":{"@id":"https:\/\/laundryxpresss.it\/faq\/#breadcrumb"},"inLanguage":"de","potentialAction":[{"@type":"ReadAction","target":["https:\/\/laundryxpresss.it\/faq\/"]}]},{"@type":"BreadcrumbList","@id":"https:\/\/laundryxpresss.it\/faq\/#breadcrumb","itemListElement":[{"@type":"ListItem","position":1,"name":"Home","item":"https:\/\/laundryxpresss.it\/"},{"@type":"ListItem","position":2,"name":"FAQ (Domande Frequenti)"}]},{"@type":"WebSite","@id":"https:\/\/laundryxpresss.it\/#website","url":"https:\/\/laundryxpresss.it\/","name":"Xpress Laundry","description":"","publisher":{"@id":"https:\/\/laundryxpresss.it\/#organization"},"potentialAction":[{"@type":"SearchAction","target":{"@type":"EntryPoint","urlTemplate":"https:\/\/laundryxpresss.it\/?s={search_term_string}"},"query-input":{"@type":"PropertyValueSpecification","valueRequired":true,"valueName":"search_term_string"}}],"inLanguage":"de"},{"@type":"Organization","@id":"https:\/\/laundryxpresss.it\/#organization","name":"Xpress Laundry","url":"https:\/\/laundryxpresss.it\/","logo":{"@type":"ImageObject","inLanguage":"de","@id":"https:\/\/laundryxpresss.it\/#\/schema\/logo\/image\/","url":"https:\/\/laundryxpresss.it\/wp-content\/uploads\/2023\/11\/Long-Logo-NO-BG.png","contentUrl":"https:\/\/laundryxpresss.it\/wp-content\/uploads\/2023\/11\/Long-Logo-NO-BG.png","width":487,"height":61,"caption":"Laundry Xpress"},"image":{"@id":"https:\/\/laundryxpresss.it\/#\/schema\/logo\/image\/"}}]}},"_links":{"self":[{"href":"https:\/\/laundryxpresss.it\/de\/wp-json\/wp\/v2\/pages\/1154","targetHints":{"allow":["GET"]}}],"collection":[{"href":"https:\/\/laundryxpresss.it\/de\/wp-json\/wp\/v2\/pages"}],"about":[{"href":"https:\/\/laundryxpresss.it\/de\/wp-json\/wp\/v2\/types\/page"}],"author":[{"embeddable":true,"href":"https:\/\/laundryxpresss.it\/de\/wp-json\/wp\/v2\/users\/2"}],"replies":[{"embeddable":true,"href":"https:\/\/laundryxpresss.it\/de\/wp-json\/wp\/v2\/comments?post=1154"}],"version-history":[{"count":0,"href":"https:\/\/laundryxpresss.it\/de\/wp-json\/wp\/v2\/pages\/1154\/revisions"}],"wp:attachment":[{"href":"https:\/\/laundryxpresss.it\/de\/wp-json\/wp\/v2\/media?parent=1154"}],"curies":[{"name":"wp","href":"https:\/\/api.w.org\/{rel}","templated":true}]}}